{"id":629,"date":"2014-03-07T15:26:04","date_gmt":"2014-03-07T18:26:04","guid":{"rendered":"https:\/\/daf.crp.ufv.br\/smt\/?page_id=629"},"modified":"2014-03-07T16:22:36","modified_gmt":"2014-03-07T19:22:36","slug":"cadastramento-no-sicaf","status":"publish","type":"page","link":"https:\/\/daf.crp.ufv.br\/smt\/?page_id=629","title":{"rendered":"Cadastramento no Sicaf"},"content":{"rendered":"<p style=\"text-align: justify;\">Para fornecer produtos e servi\u00e7os \u00e0 Universidade Federal de Vi\u00e7osa \u2013 Campus Rio Parana\u00edba, \u00e9 necess\u00e1rio que o fornecedor esteja cadastrado no SICAF \u2013 Sistema Unificado de Cadastro de Fornecedores, que \u00e9 um sistema de amplitude nacional. Procure um \u00d3rg\u00e3o P\u00fablico cadastrador de sua <a title=\"Cadastramento no Sicaf - Regi\u00e3o\" href=\"http:\/\/www.comprasnet.gov.br\/ajuda\/fornecedores\/m_cadastro.asp\" target=\"_blank\">regi\u00e3o<\/a>.<\/p>\n<p style=\"text-align: justify;\">Para maiores informa\u00e7\u00f5es consultar o portal <a title=\"Comprasnet\" href=\"http:\/\/www.comprasnet.gov.br\/\" target=\"_blank\">Comprasnet<\/a>.<\/p>\n<p style=\"text-align: justify;\">\n<p style=\"text-align: justify;\"><b>Download <\/b><\/p>\n<p style=\"text-align: justify;\"><a title=\"Manual do Fornecedor - Sicaf\" href=\"http:\/\/www.comprasnet.gov.br\/publicacoes\/manuais\/Manual_SICAFweb_Fornecedor.pdf\" target=\"_blank\">Manual do Fornecedor \u2013 Cadastro\/Credenciamento, Solicita\u00e7\u00e3o e Consulta \u2013 PF e PJ<\/a><\/p>\n","protected":false},"excerpt":{"rendered":"<p>Para fornecer produtos e servi\u00e7os \u00e0 Universidade Federal de Vi\u00e7osa \u2013 Campus Rio Parana\u00edba, \u00e9 necess\u00e1rio que o fornecedor esteja cadastrado no SICAF \u2013 Sistema Unificado de Cadastro de Fornecedores, que \u00e9 um sistema de amplitude nacional. Procure um \u00d3rg\u00e3o P\u00fablico cadastrador de sua regi\u00e3o. Para maiores informa\u00e7\u00f5es consultar o portal Comprasnet. Download Manual do [&hellip;]<\/p>\n","protected":false},"author":1,"featured_media":0,"parent":0,"menu_order":0,"comment_status":"closed","ping_status":"open","template":"","meta":{"footnotes":""},"class_list":["post-629","page","type-page","status-publish","hentry"],"_links":{"self":[{"href":"https:\/\/daf.crp.ufv.br\/smt\/index.php?rest_route=\/wp\/v2\/pages\/629","targetHints":{"allow":["GET"]}}],"collection":[{"href":"https:\/\/daf.crp.ufv.br\/smt\/index.php?rest_route=\/wp\/v2\/pages"}],"about":[{"href":"https:\/\/daf.crp.ufv.br\/smt\/index.php?rest_route=\/wp\/v2\/types\/page"}],"author":[{"embeddable":true,"href":"https:\/\/daf.crp.ufv.br\/smt\/index.php?rest_route=\/wp\/v2\/users\/1"}],"replies":[{"embeddable":true,"href":"https:\/\/daf.crp.ufv.br\/smt\/index.php?rest_route=%2Fwp%2Fv2%2Fcomments&post=629"}],"version-history":[{"count":4,"href":"https:\/\/daf.crp.ufv.br\/smt\/index.php?rest_route=\/wp\/v2\/pages\/629\/revisions"}],"predecessor-version":[{"id":653,"href":"https:\/\/daf.crp.ufv.br\/smt\/index.php?rest_route=\/wp\/v2\/pages\/629\/revisions\/653"}],"wp:attachment":[{"href":"https:\/\/daf.crp.ufv.br\/smt\/index.php?rest_route=%2Fwp%2Fv2%2Fmedia&parent=629"}],"curies":[{"name":"wp","href":"https:\/\/api.w.org\/{rel}","templated":true}]}}