{"id":5,"date":"2013-01-15T18:25:31","date_gmt":"2013-01-15T18:25:31","guid":{"rendered":"http:\/\/localhost\/dsa\/?page_id=5"},"modified":"2024-03-15T15:36:02","modified_gmt":"2024-03-15T18:36:02","slug":"menu1","status":"publish","type":"page","link":"https:\/\/daf.crp.ufv.br\/smt\/?page_id=5","title":{"rendered":"Conhe\u00e7a o Servi\u00e7o de Materiais"},"content":{"rendered":"<p><a href=\"https:\/\/daf.crp.ufv.br\/smt\/wp-content\/uploads\/justica-4-e1394222127146.jpeg\"><img loading=\"lazy\" decoding=\"async\" class=\"size-medium wp-image-658 aligncenter\" src=\"https:\/\/daf.crp.ufv.br\/smt\/wp-content\/uploads\/justica-4-e1394222127146-300x196.jpeg\" alt=\"justica 4\" width=\"300\" height=\"196\" srcset=\"https:\/\/daf.crp.ufv.br\/smt\/wp-content\/uploads\/justica-4-e1394222127146-300x196.jpeg 300w, https:\/\/daf.crp.ufv.br\/smt\/wp-content\/uploads\/justica-4-e1394222127146.jpeg 528w\" sizes=\"auto, (max-width: 300px) 100vw, 300px\" \/><\/a><b><\/b><\/p>\n<p><strong>APRESENTA\u00c7\u00c3O<\/strong><\/p>\n<p style=\"text-align: justify;\">O Servi\u00e7o de Materiais (SMT) tem por finalidade padronizar, orientar, analisar, executar e controlar as atividades relacionadas com contrata\u00e7\u00f5es de servi\u00e7os em geral, compras, concess\u00f5es e loca\u00e7\u00f5es no \u00e2mbito setorial da Universidade Federal de Vi\u00e7osa, Campus de Rio Parana\u00edba (CRP), na forma das modalidades de licita\u00e7\u00f5es da Lei n.14.133\/2021, e na modalidade de licita\u00e7\u00e3o denominada de Preg\u00e3o Eletr\u00f4nico, regulamentado pelos Decretos n. 3.555\/2000 e n. 10.024\/2019.<\/p>\n<p>&nbsp;<\/p>\n<p><strong>EQUIPE:<\/strong><\/p>\n<p><strong>Edna Valdirene de Freitas<\/strong><\/p>\n<p>Chefe do Servi\u00e7o de Material<\/p>\n<p>Portaria de nomea\u00e7\u00e3o:<\/p>\n<p>Pregoeira:<\/p>\n<p>Telefone: 34 3855-9371 | E-mail: <a href=\"mailto:cleyde.rodrigues@ufv.br\">edna.fernandes@ufv.br\/ materialcrp@ufv.br<\/a><\/p>\n<p>&nbsp;<\/p>\n<p><strong>Mar\u00edlia Bernardes da Silva Ribeiro<\/strong><\/p>\n<p>T\u00e9cnico em contabilidade<strong><br \/>\n<\/strong><\/p>\n<p>Pregoeira: <a href=\"https:\/\/daf.crp.ufv.br\/smt\/wp-content\/uploads\/Ato-pregoeiros_22_2023.pdf\">Ato pregoeiros_22_2023<\/a><\/p>\n<p>Telefone: 34 3855 9312 \/ E-mail: <a href=\"http:\/\/marilia.bernardes@ufv.br\/catalogo.crp@ufv.br\">marilia.bernardes@ufv.br\/catalogo.crp@ufv.br<\/a><\/p>\n<p>&nbsp;<\/p>\n<p>&nbsp;<\/p>\n<p><strong>SUBCOMISS\u00c3O DE LICITA\u00c7\u00c3O DA UFV \u2013 CAMPUS RIO PARANA\u00cdBA<\/strong><\/p>\n<p><a href=\"https:\/\/daf.crp.ufv.br\/smt\/wp-content\/uploads\/Portaria-sub-comiss\u00e3o-licita\u00e7\u00e3o-2023-2025.pdf\">Portaria sub comiss\u00e3o licita\u00e7\u00e3o 2023-2025<\/a><\/p>\n<p><b>Presidente | <\/b>Edna Valdirene de Freitas<\/p>\n<p><b>Suplente | <\/b>Miguel \u00c2ngelo Martino Filho<\/p>\n<p><b>Vogais | <\/b>Diego Queiroz Melo, Marco Ant\u00f4nio Moreira de Oliveira, Mar\u00edlia Bernardes da Silva Ribeiro<\/p>\n<p>&nbsp;<\/p>\n<p><a title=\"Se\u00e7\u00e3o de Almoxarifado e Patrim\u00f4nio\" href=\"https:\/\/daf.crp.ufv.br\/?page_id=572\" target=\"_blank\" rel=\"noopener noreferrer\"><strong>SE\u00c7\u00c3O DE ALMOXARIFADO E PATRIM\u00d4NIO<\/strong><\/a><\/p>\n","protected":false},"excerpt":{"rendered":"<p>APRESENTA\u00c7\u00c3O O Servi\u00e7o de Materiais (SMT) tem por finalidade padronizar, orientar, analisar, executar e controlar as atividades relacionadas com contrata\u00e7\u00f5es de servi\u00e7os em geral, compras, concess\u00f5es e loca\u00e7\u00f5es no \u00e2mbito setorial da Universidade Federal de Vi\u00e7osa, Campus de Rio Parana\u00edba (CRP), na forma das modalidades de licita\u00e7\u00f5es da Lei n.14.133\/2021, e na modalidade de licita\u00e7\u00e3o [&hellip;]<\/p>\n","protected":false},"author":1,"featured_media":0,"parent":0,"menu_order":0,"comment_status":"closed","ping_status":"closed","template":"","meta":{"footnotes":""},"class_list":["post-5","page","type-page","status-publish","hentry"],"_links":{"self":[{"href":"https:\/\/daf.crp.ufv.br\/smt\/index.php?rest_route=\/wp\/v2\/pages\/5","targetHints":{"allow":["GET"]}}],"collection":[{"href":"https:\/\/daf.crp.ufv.br\/smt\/index.php?rest_route=\/wp\/v2\/pages"}],"about":[{"href":"https:\/\/daf.crp.ufv.br\/smt\/index.php?rest_route=\/wp\/v2\/types\/page"}],"author":[{"embeddable":true,"href":"https:\/\/daf.crp.ufv.br\/smt\/index.php?rest_route=\/wp\/v2\/users\/1"}],"replies":[{"embeddable":true,"href":"https:\/\/daf.crp.ufv.br\/smt\/index.php?rest_route=%2Fwp%2Fv2%2Fcomments&post=5"}],"version-history":[{"count":140,"href":"https:\/\/daf.crp.ufv.br\/smt\/index.php?rest_route=\/wp\/v2\/pages\/5\/revisions"}],"predecessor-version":[{"id":2757,"href":"https:\/\/daf.crp.ufv.br\/smt\/index.php?rest_route=\/wp\/v2\/pages\/5\/revisions\/2757"}],"wp:attachment":[{"href":"https:\/\/daf.crp.ufv.br\/smt\/index.php?rest_route=%2Fwp%2Fv2%2Fmedia&parent=5"}],"curies":[{"name":"wp","href":"https:\/\/api.w.org\/{rel}","templated":true}]}}