{"id":3740,"date":"2025-09-10T08:31:54","date_gmt":"2025-09-10T11:31:54","guid":{"rendered":"https:\/\/daf.crp.ufv.br\/smt\/?page_id=3740"},"modified":"2025-09-10T09:05:30","modified_gmt":"2025-09-10T12:05:30","slug":"contrato-n-o-107-2025","status":"publish","type":"page","link":"https:\/\/daf.crp.ufv.br\/smt\/?page_id=3740","title":{"rendered":"Contrato n.\u00ba 107\/2025"},"content":{"rendered":"\n<table id=\"tablepress-50\" class=\"tablepress tablepress-id-50\">\n<thead>\n<tr class=\"row-1\">\n\t<th class=\"column-1\"><strong>DOCUMENTO<\/strong><\/th><th class=\"column-2\"><strong>OBJETO<\/strong><\/th><th class=\"column-3\"><strong>VALOR ATUALIZADO EM R$<\/strong><\/th>\n<\/tr>\n<\/thead>\n<tbody class=\"row-striping row-hover\">\n<tr class=\"row-2\">\n\t<td class=\"column-1\"><a href=\"https:\/\/daf.crp.ufv.br\/smt\/wp-content\/uploads\/Termo-de-Contrato-no-107-2025-e-Publicacoes-BOMGOSTO-Alimentacao-Ltda.pdf\" target=\"_blank\">Contrato n.\u00ba 107\/2025<\/a><\/td><td class=\"column-2\">Contrata\u00e7\u00e3o de pessoa jur\u00eddica no ramo de servi\u00e7o de alimenta\u00e7\u00e3o coletiva, nas condi\u00e7\u00f5es estabelecidas no termo de refer\u00eancia.<\/td><td class=\"column-3\">1.410.182,40<\/td>\n<\/tr>\n<tr class=\"row-3\">\n\t<td class=\"column-1\"><a href=\"https:\/\/daf.crp.ufv.br\/smt\/wp-content\/uploads\/TR-29-2025-Contrato-no-107-2025-BOMGOSTO-Alimentacao-Ltda.pdf\" target=\"_blank\">Termo de Refer\u00eancia n.\u00ba 29\/2025<\/a><\/td><td class=\"column-2\">Termo de Refer\u00eancia n.\u00ba 29\/2025<\/td><td class=\"column-3\"><\/td>\n<\/tr>\n<tr class=\"row-4\">\n\t<td class=\"column-1\"><a href=\"https:\/\/daf.crp.ufv.br\/smt\/wp-content\/uploads\/2025NE001171-Contrato-no-107-2025-BOMGOSTO-Alimentacao-Ltda.pdf\" target=\"_blank\">2025NE001171<\/a><\/td><td class=\"column-2\">Nota de Empenho - Exerc\u00edcio 2025.<\/td><td class=\"column-3\">22,40<\/td>\n<\/tr>\n<\/tbody>\n<\/table>\n<!-- #tablepress-50 from cache -->\n","protected":false},"excerpt":{"rendered":"","protected":false},"author":6,"featured_media":0,"parent":2935,"menu_order":0,"comment_status":"closed","ping_status":"closed","template":"","meta":{"footnotes":""},"class_list":["post-3740","page","type-page","status-publish","hentry"],"_links":{"self":[{"href":"https:\/\/daf.crp.ufv.br\/smt\/index.php?rest_route=\/wp\/v2\/pages\/3740","targetHints":{"allow":["GET"]}}],"collection":[{"href":"https:\/\/daf.crp.ufv.br\/smt\/index.php?rest_route=\/wp\/v2\/pages"}],"about":[{"href":"https:\/\/daf.crp.ufv.br\/smt\/index.php?rest_route=\/wp\/v2\/types\/page"}],"author":[{"embeddable":true,"href":"https:\/\/daf.crp.ufv.br\/smt\/index.php?rest_route=\/wp\/v2\/users\/6"}],"replies":[{"embeddable":true,"href":"https:\/\/daf.crp.ufv.br\/smt\/index.php?rest_route=%2Fwp%2Fv2%2Fcomments&post=3740"}],"version-history":[{"count":2,"href":"https:\/\/daf.crp.ufv.br\/smt\/index.php?rest_route=\/wp\/v2\/pages\/3740\/revisions"}],"predecessor-version":[{"id":3748,"href":"https:\/\/daf.crp.ufv.br\/smt\/index.php?rest_route=\/wp\/v2\/pages\/3740\/revisions\/3748"}],"up":[{"embeddable":true,"href":"https:\/\/daf.crp.ufv.br\/smt\/index.php?rest_route=\/wp\/v2\/pages\/2935"}],"wp:attachment":[{"href":"https:\/\/daf.crp.ufv.br\/smt\/index.php?rest_route=%2Fwp%2Fv2%2Fmedia&parent=3740"}],"curies":[{"name":"wp","href":"https:\/\/api.w.org\/{rel}","templated":true}]}}