{"id":3668,"date":"2025-07-25T08:49:49","date_gmt":"2025-07-25T11:49:49","guid":{"rendered":"https:\/\/daf.crp.ufv.br\/smt\/?page_id=3668"},"modified":"2025-07-25T09:12:50","modified_gmt":"2025-07-25T12:12:50","slug":"contrato-n-o-073-2025","status":"publish","type":"page","link":"https:\/\/daf.crp.ufv.br\/smt\/?page_id=3668","title":{"rendered":"Contrato n.\u00ba 073\/2025"},"content":{"rendered":"\n<table id=\"tablepress-49\" class=\"tablepress tablepress-id-49\">\n<thead>\n<tr class=\"row-1\">\n\t<th class=\"column-1\"><strong>DOCUMENTO<\/strong><\/th><th class=\"column-2\"><strong>OBJETO<\/strong><\/th><th class=\"column-3\"><strong>VALOR ATUALIZADO EM R$<\/strong><\/th>\n<\/tr>\n<\/thead>\n<tbody class=\"row-striping row-hover\">\n<tr class=\"row-2\">\n\t<td class=\"column-1\"><a href=\"https:\/\/daf.crp.ufv.br\/smt\/wp-content\/uploads\/Contrato-no-073-2025-Copasa-MG.pdf\" target=\"_blank\">Contrato n.\u00ba 073\/2025<\/a><\/td><td class=\"column-2\">A Outorgante Cedente senhora leg\u00edtima possuidora do im\u00f3vel UFV - Campus Rio Parana\u00edba (UFV-CRP), localizado no km 7, Zona Rural, MG-230, Rodovi\u00e1rio, CEP 38.810-000, Rio Parana\u00edba-MG, ora objeto da presente cess\u00e3o onerosa de uso de \u00e1rea para implanta\u00e7\u00e3o de capta\u00e7\u00e3o de \u00e1gua na barragem Okuyama, conforme planta de Relat\u00f3rio T\u00e9cnico (1263110) do processo SEI n.\u00ba 23114.920888\/2023-11.<\/td><td class=\"column-3\">238.555,00<\/td>\n<\/tr>\n<tr class=\"row-3\">\n\t<td class=\"column-1\"><a href=\"https:\/\/daf.crp.ufv.br\/smt\/wp-content\/uploads\/ETP-e-Termo-de-Referencia-no-2-2024-Contrato-no-073-2025-Copasa-MG.pdf\" target=\"_blank\">ETP e Termo de Refer\u00eancia - Inexigibilidade n.\u00ba 93\/2024<\/a><\/td><td class=\"column-2\">Estudo T\u00e9cnico Preliminar e Termo de Refer\u00eancia - Inexigibilidade n.\u00ba 93\/2024.<\/td><td class=\"column-3\"><\/td>\n<\/tr>\n<\/tbody>\n<\/table>\n<!-- #tablepress-49 from cache -->\n","protected":false},"excerpt":{"rendered":"","protected":false},"author":6,"featured_media":0,"parent":2935,"menu_order":0,"comment_status":"closed","ping_status":"closed","template":"","meta":{"footnotes":""},"class_list":["post-3668","page","type-page","status-publish","hentry"],"_links":{"self":[{"href":"https:\/\/daf.crp.ufv.br\/smt\/index.php?rest_route=\/wp\/v2\/pages\/3668","targetHints":{"allow":["GET"]}}],"collection":[{"href":"https:\/\/daf.crp.ufv.br\/smt\/index.php?rest_route=\/wp\/v2\/pages"}],"about":[{"href":"https:\/\/daf.crp.ufv.br\/smt\/index.php?rest_route=\/wp\/v2\/types\/page"}],"author":[{"embeddable":true,"href":"https:\/\/daf.crp.ufv.br\/smt\/index.php?rest_route=\/wp\/v2\/users\/6"}],"replies":[{"embeddable":true,"href":"https:\/\/daf.crp.ufv.br\/smt\/index.php?rest_route=%2Fwp%2Fv2%2Fcomments&post=3668"}],"version-history":[{"count":3,"href":"https:\/\/daf.crp.ufv.br\/smt\/index.php?rest_route=\/wp\/v2\/pages\/3668\/revisions"}],"predecessor-version":[{"id":3677,"href":"https:\/\/daf.crp.ufv.br\/smt\/index.php?rest_route=\/wp\/v2\/pages\/3668\/revisions\/3677"}],"up":[{"embeddable":true,"href":"https:\/\/daf.crp.ufv.br\/smt\/index.php?rest_route=\/wp\/v2\/pages\/2935"}],"wp:attachment":[{"href":"https:\/\/daf.crp.ufv.br\/smt\/index.php?rest_route=%2Fwp%2Fv2%2Fmedia&parent=3668"}],"curies":[{"name":"wp","href":"https:\/\/api.w.org\/{rel}","templated":true}]}}