{"id":3535,"date":"2025-04-10T08:57:16","date_gmt":"2025-04-10T11:57:16","guid":{"rendered":"https:\/\/daf.crp.ufv.br\/smt\/?page_id=3535"},"modified":"2025-09-29T08:48:33","modified_gmt":"2025-09-29T11:48:33","slug":"editais-2024","status":"publish","type":"page","link":"https:\/\/daf.crp.ufv.br\/smt\/?page_id=3535","title":{"rendered":"EDITAIS 2024"},"content":{"rendered":"\n<table id=\"tablepress-38\" class=\"tablepress tablepress-id-38\">\n<thead>\n<tr class=\"row-1\">\n\t<th class=\"column-1\">PROCESSO<\/th><th class=\"column-2\">EDITAL<\/th><th class=\"column-3\">OBJETO<\/th><th class=\"column-4\">DATA\/HORA<\/th><th class=\"column-5\">STATUS<\/th><th class=\"column-6\">RESULTADO<\/th>\n<\/tr>\n<\/thead>\n<tbody class=\"row-striping row-hover\">\n<tr class=\"row-2\">\n\t<td class=\"column-1\"><\/td><td class=\"column-2\"><\/td><td class=\"column-3\"><\/td><td class=\"column-4\"><\/td><td class=\"column-5\"><\/td><td class=\"column-6\"><\/td>\n<\/tr>\n<tr class=\"row-3\">\n\t<td class=\"column-1\"><a href=\"https:\/\/sei.ufv.br\/sei\/modulos\/pesquisa\/md_pesq_processo_exibir.php?iI3OtHvPArITY997V09rhsSkbDKbaYSycOHqqF2xsM0IaDkkEyJpus7kCPb435VNEAb16AAxmJKUdrsNWVIqQ5zPpBeMRGb7-3rhwUgDN4W70T6mxpT_RVjaTj9ZcOIR\" rel=\"noopener\" target=\"_blank\">23114.916393\/2024-79<\/a><\/td><td class=\"column-2\"><a href=\"http:\/\/comprasnet.gov.br\/ConsultaLicitacoes\/download\/download_editais_detalhe.asp?coduasg=154051&amp;modprp=5&amp;numprp=901472024\" rel=\"noopener\" target=\"_blank\">Preg\u00e3o tradicional 90147\/2024<\/a><\/td><td class=\"column-3\">Contrata\u00e7\u00e3o de pessoa jur\u00eddica especializada para a presta\u00e7\u00e3o de servi\u00e7o n\u00e3o continuado de sonoriza\u00e7\u00e3o, ilumina\u00e7\u00e3o, imagem, decora\u00e7\u00e3o e montagem\/desmontagem de estruturas visando atender as necessidades de adequa\u00e7\u00e3o de espa\u00e7o f\u00edsico para a realiza\u00e7\u00e3o da Cerim\u00f4nia Solene de Cola\u00e7\u00e3o de Grau dos Formandos do 2\u00ba Semestre de 2024<\/td><td class=\"column-4\">18\/12\/2024, \u00e0s 09h<\/td><td class=\"column-5\">Encerrado<\/td><td class=\"column-6\"><a href=\"https:\/\/daf.crp.ufv.br\/smt\/wp-content\/uploads\/Termo-de-Homologacao-dos-itens-.pdf\">Termo de Homologa\u00e7\u00e3o dos itens<\/a><\/td>\n<\/tr>\n<tr class=\"row-4\">\n\t<td class=\"column-1\"><a href=\"http:\/\/Aquisi\u00e7\u00e3o de equipamentos de placa m\u00e3e, placa de v\u00eddeo e gravadora e cortadora a laser para equipar e modernizar os laborat\u00f3rios de ensino\" rel=\"noopener\" target=\"_blank\">23114.916494\/2024-40<\/a><\/td><td class=\"column-2\"><a href=\"http:\/\/comprasnet.gov.br\/ConsultaLicitacoes\/download\/download_editais_detalhe.asp?coduasg=154051&amp;modprp=5&amp;numprp=901212024\" rel=\"noopener\" target=\"_blank\">Preg\u00e3o Tradicional 90121\/2024<\/a><\/td><td class=\"column-3\">Contrata\u00e7\u00e3o de empresa especializada para presta\u00e7\u00e3o de servi\u00e7o n\u00e3o continuado na instala\u00e7\u00e3o e montagem de aparelhos de ar condicionado para equipar e modernizar os laborat\u00f3rios multiuso de inform\u00e1tica PVA 226 e PVA 227 do Campus Rio Parana\u00edba<\/td><td class=\"column-4\">25\/11\/2024, \u00e0s 09h<\/td><td class=\"column-5\">Encerrado (fracassado)<\/td><td class=\"column-6\"><a href=\"https:\/\/daf.crp.ufv.br\/smt\/wp-content\/uploads\/Resultado-90121-2024.pdf\">Resultado 90121-2024<\/a><\/td>\n<\/tr>\n<tr class=\"row-5\">\n\t<td class=\"column-1\"><a href=\"https:\/\/sei.ufv.br\/sei\/modulos\/pesquisa\/md_pesq_processo_exibir.php?iI3OtHvPArITY997V09rhsSkbDKbaYSycOHqqF2xsM0IaDkkEyJpus7kCPb435VNEAb16AAxmJKUdrsNWVIqQyKSGzViDbHl0X2pul6TLx57PGxUCkScDW9m5Sl9KPnr\" rel=\"noopener\" target=\"_blank\">23114.916932\/2024-70<\/a><\/td><td class=\"column-2\"><a href=\"http:\/\/comprasnet.gov.br\/ConsultaLicitacoes\/download\/download_editais_detalhe.asp?coduasg=154051&amp;modprp=5&amp;numprp=901332024\" rel=\"noopener\" target=\"_blank\">Preg\u00e3o Tradicional 90133\/2024<\/a><\/td><td class=\"column-3\">Aquisi\u00e7\u00e3o de equipamentos de placa m\u00e3e, placa de v\u00eddeo e gravadora e cortadora a laser para equipar e modernizar os laborat\u00f3rios de ensino<\/td><td class=\"column-4\">18\/11\/2024, \u00e0s 09h<\/td><td class=\"column-5\">Encerrado<\/td><td class=\"column-6\"><a href=\"https:\/\/daf.crp.ufv.br\/smt\/wp-content\/uploads\/Resultado-90133-2024.pdf\">Resultado 90133-2024<\/a><\/td>\n<\/tr>\n<tr class=\"row-6\">\n\t<td class=\"column-1\"><a href=\"https:\/\/sei.ufv.br\/sei\/modulos\/pesquisa\/md_pesq_processo_exibir.php?iI3OtHvPArITY997V09rhsSkbDKbaYSycOHqqF2xsM0IaDkkEyJpus7kCPb435VNEAb16AAxmJKUdrsNWVIqQwqEWsce4XmuI3KO84BnTqfJKXirzuxuore4jRaZcKT7\" rel=\"noopener\" target=\"_blank\">23114.911682\/2024-81<\/a><\/td><td class=\"column-2\"><a href=\"http:\/\/comprasnet.gov.br\/ConsultaLicitacoes\/download\/download_editais_detalhe.asp?coduasg=154051&amp;modprp=5&amp;numprp=900902024\" rel=\"noopener\" target=\"_blank\">Preg\u00e3o Tradicional 90090\/2024<\/a><\/td><td class=\"column-3\">Aquisi\u00e7\u00e3o de reagentes, vidrarias e outros materiais consum\u00edveis de laborat\u00f3rio para atender os diversos laborat\u00f3rios de ensino e pesquisa da Universidade Federal de Vi\u00e7osa Campus Rio Parana\u00edba.<\/td><td class=\"column-4\">07\/10\/2024, \u00e0s 09h<\/td><td class=\"column-5\">Encerrado<\/td><td class=\"column-6\"><a href=\"https:\/\/daf.crp.ufv.br\/smt\/wp-content\/uploads\/Resultado-90090-2024.pdf\">Resultado 90090-2024<\/a><\/td>\n<\/tr>\n<tr class=\"row-7\">\n\t<td class=\"column-1\"><a href=\"https:\/\/sei.ufv.br\/sei\/modulos\/pesquisa\/md_pesq_processo_exibir.php?iI3OtHvPArITY997V09rhsSkbDKbaYSycOHqqF2xsM0IaDkkEyJpus7kCPb435VNEAb16AAxmJKUdrsNWVIqQ2znzPPEi8aTKLZIHD93ru61Zt2T3lZHpmBQTAENRfkJ\" rel=\"noopener\" target=\"_blank\">23114.911032\/2024-36<\/a><\/td><td class=\"column-2\"><a href=\"http:\/\/comprasnet.gov.br\/ConsultaLicitacoes\/download\/download_editais_detalhe.asp?coduasg=154051&amp;modprp=5&amp;numprp=900702024\" rel=\"noopener\" target=\"_blank\">Preg\u00e3o Tradicional 90070\/2024<\/a><\/td><td class=\"column-3\">Aquisi\u00e7\u00e3o de materiais diversos de constru\u00e7\u00e3o, el\u00e9trico, hidr\u00e1ulico e outros para a realiza\u00e7\u00e3o de manuten\u00e7\u00e3o e conserva\u00e7\u00e3o predial<\/td><td class=\"column-4\">30\/09\/2024, \u00e0s 09h<\/td><td class=\"column-5\">Encerrado<\/td><td class=\"column-6\"><a href=\"https:\/\/daf.crp.ufv.br\/smt\/wp-content\/uploads\/Resultado-90070-2024.pdf\">Resultado 90070-2024<\/a><\/td>\n<\/tr>\n<tr class=\"row-8\">\n\t<td class=\"column-1\"><a href=\"https:\/\/sei.ufv.br\/sei\/modulos\/pesquisa\/md_pesq_processo_exibir.php?iI3OtHvPArITY997V09rhsSkbDKbaYSycOHqqF2xsM0IaDkkEyJpus7kCPb435VNEAb16AAxmJKUdrsNWVIqQ2znzPPEi8aTKLZIHD93ru61Zt2T3lZHpmBQTAENRfkJ\" rel=\"noopener\" target=\"_blank\">23114.911032\/2024-36<\/a><\/td><td class=\"column-2\"><a href=\"http:\/\/comprasnet.gov.br\/ConsultaLicitacoes\/download\/download_editais_detalhe.asp?coduasg=154051&amp;modprp=5&amp;numprp=900702024\" rel=\"noopener\" target=\"_blank\">Preg\u00e3o Tradicional 90070\/2024<\/a><\/td><td class=\"column-3\">Aquisi\u00e7\u00e3o de materiais diversos de constru\u00e7\u00e3o, el\u00e9trico, hidr\u00e1ulico e outros para a realiza\u00e7\u00e3o de manuten\u00e7\u00e3o e conserva\u00e7\u00e3o predial<\/td><td class=\"column-4\">30\/09\/2024, \u00e0s 09h<\/td><td class=\"column-5\">Encerrado<\/td><td class=\"column-6\"><a href=\"https:\/\/daf.crp.ufv.br\/smt\/wp-content\/uploads\/Resultado-90070-2024.pdf\">Resultado 90070-2024<\/a><\/td>\n<\/tr>\n<tr class=\"row-9\">\n\t<td class=\"column-1\"><a href=\"https:\/\/sei.ufv.br\/sei\/modulos\/pesquisa\/md_pesq_processo_exibir.php?iI3OtHvPArITY997V09rhsSkbDKbaYSycOHqqF2xsM0IaDkkEyJpus7kCPb435VNEAb16AAxmJKUdrsNWVIqQ7C0vK818ZzzRLArCMv1bUZr3U_hEQ6XKHFngNutUsMJ\" rel=\"noopener\" target=\"_blank\">23114.911913\/2024-57<\/a><\/td><td class=\"column-2\"><a href=\"http:\/\/comprasnet.gov.br\/ConsultaLicitacoes\/download\/download_editais_detalhe.asp?coduasg=154051&amp;modprp=5&amp;numprp=900912024\" rel=\"noopener\" target=\"_blank\">Preg\u00e3o Tradicional 90091\/2024<\/a><\/td><td class=\"column-3\">Aquisi\u00e7\u00e3o de material de consumo de inform\u00e1tica para atender ao Campus Rio Parana\u00edba da Universidade Federal de Vi\u00e7osa.<\/td><td class=\"column-4\">03\/10\/2024 \u00e0s 09h<\/td><td class=\"column-5\">Encerrado<\/td><td class=\"column-6\"><a href=\"https:\/\/daf.crp.ufv.br\/smt\/wp-content\/uploads\/Resultado-90091-2024.pdf\">Resultado 90091-2024<\/a><\/td>\n<\/tr>\n<tr class=\"row-10\">\n\t<td class=\"column-1\"><a href=\"https:\/\/sei.ufv.br\/sei\/modulos\/pesquisa\/md_pesq_processo_exibir.php?iI3OtHvPArITY997V09rhsSkbDKbaYSycOHqqF2xsM0IaDkkEyJpus7kCPb435VNEAb16AAxmJKUdrsNWVIqQ8F-YO8nB0TiKJYjZE24TL3nbJkiSUNZoqUvI6p_5H-r\" rel=\"noopener\" target=\"_blank\">23114.911928\/2024-15<\/a><\/td><td class=\"column-2\"><a href=\"http:\/\/comprasnet.gov.br\/ConsultaLicitacoes\/download\/download_editais_detalhe.asp?coduasg=154051&amp;modprp=5&amp;numprp=900922024\" rel=\"noopener\" target=\"_blank\">Preg\u00e3o Tradicional 90092\/2024<\/a><\/td><td class=\"column-3\">Aquisi\u00e7\u00e3o de material de limpeza para atender os diversos setores da Universidade Federal de Vi\u00e7osa Campus Rio Parana\u00edba.<\/td><td class=\"column-4\">10\/10\/2024, \u00e0s 09h<\/td><td class=\"column-5\">Encerrado<\/td><td class=\"column-6\"><a href=\"https:\/\/daf.crp.ufv.br\/smt\/wp-content\/uploads\/Resultado-90092-2024.pdf\">Resultado 90092-2024<\/a><\/td>\n<\/tr>\n<tr class=\"row-11\">\n\t<td class=\"column-1\"><a href=\"https:\/\/sei.ufv.br\/sei\/modulos\/pesquisa\/md_pesq_processo_exibir.php?iI3OtHvPArITY997V09rhsSkbDKbaYSycOHqqF2xsM0IaDkkEyJpus7kCPb435VNEAb16AAxmJKUdrsNWVIqQ2lQH8hc3PSEsFE-bHfckYEmxMe-EmOgjM8uqwaJ3qnT\" rel=\"noopener\" target=\"_blank\">23114.911007\/2024-52<\/a><\/td><td class=\"column-2\"><a href=\"http:\/\/comprasnet.gov.br\/ConsultaLicitacoes\/download\/download_editais_detalhe.asp?coduasg=154051&amp;modprp=5&amp;numprp=900692024\" rel=\"noopener\" target=\"_blank\">Preg\u00e3o Tradicional 90069\/2024<\/a><\/td><td class=\"column-3\">Aquisi\u00e7\u00e3o de equipamentos de ar condicionado para equipar e modernizar os laborat\u00f3rios de ensino do Campus<\/td><td class=\"column-4\">26\/09\/2024, \u00e0s 09h<\/td><td class=\"column-5\">Encerrado<\/td><td class=\"column-6\"><a href=\"https:\/\/daf.crp.ufv.br\/smt\/wp-content\/uploads\/Resultado-90069-2024.pdf\">Resultado 90069-2024<\/a><\/td>\n<\/tr>\n<tr class=\"row-12\">\n\t<td class=\"column-1\"><a href=\"https:\/\/sei.ufv.br\/sei\/modulos\/pesquisa\/md_pesq_processo_exibir.php?iI3OtHvPArITY997V09rhsSkbDKbaYSycOHqqF2xsM0IaDkkEyJpus7kCPb435VNEAb16AAxmJKUdrsNWVIqQz-jZku5wh4kW7Z3IpE_dlpRCGbhiBjDQiBRs7mQsjhu\" rel=\"noopener\" target=\"_blank\">23114.909575\/2024-93<\/a><\/td><td class=\"column-2\"><a href=\"http:\/\/comprasnet.gov.br\/ConsultaLicitacoes\/download\/download_editais_detalhe.asp?coduasg=154051&amp;modprp=5&amp;numprp=900872024\" rel=\"noopener\" target=\"_blank\">Preg\u00e3o Tradicional 90087\/2024<\/a><\/td><td class=\"column-3\">Contrata\u00e7\u00e3o de pessoa jur\u00eddica especializada para a presta\u00e7\u00e3o de servi\u00e7os n\u00e3o continuados de Sonoriza\u00e7\u00e3o, Ilumina\u00e7\u00e3o, Imagem, Decora\u00e7\u00e3o e Montagem de Estruturas visando atender \u00e0s necessidades de adequa\u00e7\u00e3o de espa\u00e7o para a realiza\u00e7\u00e3o da Cerim\u00f4nia Solene de Cola\u00e7\u00e3o de Grau dos Formandos do 1\u00ba Semestre de 2024<\/td><td class=\"column-4\">05\/09\/2024, \u00e0s 09h<\/td><td class=\"column-5\">Encerrado<\/td><td class=\"column-6\"><a href=\"https:\/\/daf.crp.ufv.br\/smt\/wp-content\/uploads\/Resultado-90087-2024.pdf\">Resultado 90087-2024<\/a><\/td>\n<\/tr>\n<tr class=\"row-13\">\n\t<td class=\"column-1\"><a href=\"https:\/\/sei.ufv.br\/sei\/modulos\/pesquisa\/md_pesq_processo_exibir.php?iI3OtHvPArITY997V09rhsSkbDKbaYSycOHqqF2xsM0IaDkkEyJpus7kCPb435VNEAb16AAxmJKUdrsNWVIqQ-XHtUloE4R8wZfMCmgvIFTBxsUei1wcY94HyleR0m_9\" rel=\"noopener\" target=\"_blank\">23114.910537\/2024-83<\/a><\/td><td class=\"column-2\"><a href=\"http:\/\/comprasnet.gov.br\/ConsultaLicitacoes\/download\/download_editais_detalhe.asp?coduasg=154051&amp;modprp=5&amp;numprp=900632024\" rel=\"noopener\" target=\"_blank\">Preg\u00e3o Tradicional 90063\/2024<\/a><\/td><td class=\"column-3\">Aquisi\u00e7\u00e3o de equipamentos: balan\u00e7a anal\u00edtica, incubadoras, ro\u00e7adeira agr\u00edcola, triturador, refrigerador e outros para atender demandas da UFV Campus Rio Parana\u00edba.<\/td><td class=\"column-4\">09\/09\/2024, \u00e0s 09h<\/td><td class=\"column-5\">Encerrado<\/td><td class=\"column-6\"><a href=\"https:\/\/daf.crp.ufv.br\/smt\/wp-content\/uploads\/Resultado-90063_2024-1.pdf\">Resultado 90063_2024<\/a><\/td>\n<\/tr>\n<tr class=\"row-14\">\n\t<td class=\"column-1\"><a href=\"https:\/\/sei.ufv.br\/sei\/modulos\/pesquisa\/md_pesq_processo_exibir.php?iI3OtHvPArITY997V09rhsSkbDKbaYSycOHqqF2xsM0IaDkkEyJpus7kCPb435VNEAb16AAxmJKUdrsNWVIqQ3Eb0BeMIVEG0by75eTePF4qqESeEt7mlOeEMxr58QSM\" rel=\"noopener\" target=\"_blank\">23114.910578\/2024-70<\/a><\/td><td class=\"column-2\"><a href=\"http:\/\/comprasnet.gov.br\/ConsultaLicitacoes\/download\/download_editais_detalhe.asp?coduasg=154051&amp;modprp=5&amp;numprp=900662024\">Preg\u00e3o Tradicional 90066\/2024<\/a><\/td><td class=\"column-3\">Aquisi\u00e7\u00e3o de fertilizantes, substrato, ferramentas e outros insumos agr\u00edcolas<\/td><td class=\"column-4\">12\/09\/2024, \u00e0s 09h<\/td><td class=\"column-5\">Encerrado<\/td><td class=\"column-6\"><a href=\"https:\/\/daf.crp.ufv.br\/smt\/wp-content\/uploads\/Resultado-90066_2024.pdf\">Resultado 90066_2024<\/a><\/td>\n<\/tr>\n<tr class=\"row-15\">\n\t<td class=\"column-1\"><a href=\"https:\/\/sei.ufv.br\/sei\/modulos\/pesquisa\/md_pesq_processo_exibir.php?iI3OtHvPArITY997V09rhsSkbDKbaYSycOHqqF2xsM0IaDkkEyJpus7kCPb435VNEAb16AAxmJKUdrsNWVIqQ9Zl3mWMgYrpEH1OGb-YxbmxmQa_3Qo1ruKlKQHm5p3X\" rel=\"noopener\" target=\"_blank\">23114.910956\/2024-15<\/a><\/td><td class=\"column-2\"><a href=\"http:\/\/comprasnet.gov.br\/ConsultaLicitacoes\/download\/download_editais_detalhe.asp?coduasg=154051&amp;modprp=5&amp;numprp=900672024\" rel=\"noopener\" target=\"_blank\">Preg\u00e3o Tradicional 90067\/2024<\/a><\/td><td class=\"column-3\">Aquisi\u00e7\u00e3o de material de expediente e papelaria para atender os diversos setores da Universidade Federal de Vi\u00e7osa Campus Rio Parana\u00edba.<\/td><td class=\"column-4\">16\/09\/2024, \u00e0s 09h<\/td><td class=\"column-5\">Encerrado<\/td><td class=\"column-6\"><a href=\"https:\/\/daf.crp.ufv.br\/smt\/wp-content\/uploads\/Resultado-90067-2024.pdf\">Resultado 90067-2024<\/a><\/td>\n<\/tr>\n<tr class=\"row-16\">\n\t<td class=\"column-1\"><a href=\"https:\/\/sei.ufv.br\/sei\/modulos\/pesquisa\/md_pesq_processo_exibir.php?iI3OtHvPArITY997V09rhsSkbDKbaYSycOHqqF2xsM0IaDkkEyJpus7kCPb435VNEAb16AAxmJKUdrsNWVIqQ-i13GVCCGR4xLdBtMxz_jUwknPJMroYJs2T6AY0Ky6h\" rel=\"noopener\" target=\"_blank\">23114.907850\/2024-34<\/a><\/td><td class=\"column-2\"><a href=\"http:\/\/comprasnet.gov.br\/ConsultaLicitacoes\/download\/download_editais_detalhe.asp?coduasg=154051&amp;modprp=5&amp;numprp=900492024\" rel=\"noopener\" target=\"_blank\">Preg\u00e3o Tradicional 90049\/2024<\/a><\/td><td class=\"column-3\">Aquisi\u00e7\u00e3o de equipamentos de inform\u00e1tica e afins<\/td><td class=\"column-4\">18\/09\/2024, \u00e0s 09h<\/td><td class=\"column-5\">Encerrado<\/td><td class=\"column-6\"><a href=\"https:\/\/daf.crp.ufv.br\/smt\/wp-content\/uploads\/Termo-de-Homologacao-90049-2024.pdf\">Termo de Homologa\u00e7\u00e3o 90049-2024<\/a><\/td>\n<\/tr>\n<tr class=\"row-17\">\n\t<td class=\"column-1\"><a href=\"https:\/\/sei.ufv.br\/sei\/modulos\/pesquisa\/md_pesq_processo_exibir.php?iI3OtHvPArITY997V09rhsSkbDKbaYSycOHqqF2xsM0IaDkkEyJpus7kCPb435VNEAb16AAxmJKUdrsNWVIqQ2x5nkSsXszFtxLvwAHLwPDH2lwasn8jDaGim9cdi84M\" rel=\"noopener\" target=\"_blank\">23114.911002\/2024-20<\/a><\/td><td class=\"column-2\"><a href=\"http:\/\/comprasnet.gov.br\/ConsultaLicitacoes\/download\/download_editais_detalhe.asp?coduasg=154051&amp;modprp=5&amp;numprp=900682024\" rel=\"noopener\" target=\"_blank\">Preg\u00e3o Tradicional 90068\/2024<\/a><\/td><td class=\"column-3\">Aquisi\u00e7\u00e3o de equipamentos diversos (evaporador, betoneira, ploter, projetor multim\u00eddia) e outros<\/td><td class=\"column-4\">23\/09\/2024. \u00e0s 09h<\/td><td class=\"column-5\">Encerrado<\/td><td class=\"column-6\"><a href=\"https:\/\/daf.crp.ufv.br\/smt\/wp-content\/uploads\/Termo-de-Homologacao.pdf\">Termo de Homologa\u00e7\u00e3o<\/a><\/td>\n<\/tr>\n<tr class=\"row-18\">\n\t<td class=\"column-1\"><a href=\"https:\/\/sei.ufv.br\/sei\/modulos\/pesquisa\/md_pesq_processo_exibir.php?iI3OtHvPArITY997V09rhsSkbDKbaYSycOHqqF2xsM0IaDkkEyJpus7kCPb435VNEAb16AAxmJKUdrsNWVIqQ2Jirp4IBbCPHwb_xO96hHSvU2Ors8UCoxm-iGnYb-sd\" rel=\"noopener\" target=\"_blank\">23114.907737\/2024-59<\/a><\/td><td class=\"column-2\">Inexigibilidade de licita\u00e7\u00e3o 90061\/2024<\/td><td class=\"column-3\">Aquisi\u00e7\u00e3o de uma placa de aquisi\u00e7\u00e3o de dados, compat\u00edvel com termopares J, K, R, S, T, N, E e B, tens\u00e3o 80MV, aplicada para aquisi\u00e7\u00e3o de sinais de tens\u00e3o el\u00e9trica cont\u00ednua, para atender demanda do Curso de Engenharia Civil da UFV Campus Rio Parana\u00edba.<\/td><td class=\"column-4\">26\/12\/2024, indefinido<\/td><td class=\"column-5\">Encerrado<\/td><td class=\"column-6\"><a href=\"https:\/\/daf.crp.ufv.br\/smt\/wp-content\/uploads\/Resultado-90061-2024.pdf\">Resultado 90061-2024<\/a><\/td>\n<\/tr>\n<tr class=\"row-19\">\n\t<td class=\"column-1\"><a href=\"https:\/\/sei.ufv.br\/sei\/modulos\/pesquisa\/md_pesq_processo_exibir.php?iI3OtHvPArITY997V09rhsSkbDKbaYSycOHqqF2xsM0IaDkkEyJpus7kCPb435VNEAb16AAxmJKUdrsNWVIqQ7rbeZTQ8hw-0pko2rfEJPEVLRxdg4lpCrcC9KaYJaOS\" rel=\"noopener\" target=\"_blank\">23114.907857\/2024-56<\/a><\/td><td class=\"column-2\">Inexigibilidade de licita\u00e7\u00e3o 90056\/2024<\/td><td class=\"column-3\">Aquisi\u00e7\u00e3o de uma impressora 3D, Padr\u00e3o FFF\/FDM de gabinete fechado para o curso de Engenharia de Produ\u00e7\u00e3o da UFV \u2013 Campus Rio Parana\u00edba.<\/td><td class=\"column-4\">12\/11\/2024, \u00e0s 10:29<\/td><td class=\"column-5\">Encerrado<\/td><td class=\"column-6\"><a href=\"https:\/\/daf.crp.ufv.br\/smt\/wp-content\/uploads\/Resultado.pdf\">Resultado<\/a><\/td>\n<\/tr>\n<tr class=\"row-20\">\n\t<td class=\"column-1\"><a href=\"https:\/\/sei.ufv.br\/sei\/modulos\/pesquisa\/md_pesq_processo_exibir.php?iI3OtHvPArITY997V09rhsSkbDKbaYSycOHqqF2xsM0IaDkkEyJpus7kCPb435VNEAb16AAxmJKUdrsNWVIqQ-EbtHPMVkpo1oQXFLQBVzPutIdq-apbmljIlhVzp2Mw\" rel=\"noopener\" target=\"_blank\">23114.901174\/2024-95<\/a><\/td><td class=\"column-2\">Inexigibilidade de licita\u00e7\u00e3o 90057\/2024<\/td><td class=\"column-3\">Contrata\u00e7\u00e3o de servi\u00e7o continuado comum de fornecimento de energia el\u00e9trica em tens\u00e3o prim\u00e1ria<\/td><td class=\"column-4\">04\/07\/2024, \u00e0s 15:34<\/td><td class=\"column-5\">Encerrado<\/td><td class=\"column-6\"><a href=\"https:\/\/daf.crp.ufv.br\/smt\/wp-content\/uploads\/Portal_Nacional_de_Contrata_303_247_303_265es_P_303_272blicas_job_50.pdf\">Download<\/a><\/td>\n<\/tr>\n<tr class=\"row-21\">\n\t<td class=\"column-1\"><a href=\"https:\/\/sei.ufv.br\/sei\/modulos\/pesquisa\/md_pesq_processo_exibir.php?iI3OtHvPArITY997V09rhsSkbDKbaYSycOHqqF2xsM0IaDkkEyJpus7kCPb435VNEAb16AAxmJKUdrsNWVIqQ3AKkLl5qu1owzL6v8by5mi91c5lNEJ_KILabJ5ZiSm6\" rel=\"noopener\" target=\"_blank\">23114.901992\/2024-98<\/a><\/td><td class=\"column-2\"><a href=\"http:\/\/comprasnet.gov.br\/ConsultaLicitacoes\/download\/download_editais_detalhe.asp?coduasg=154051&amp;modprp=5&amp;numprp=900152024\" rel=\"noopener\" target=\"_blank\">Preg\u00e3o Tradicional 90015\/2024<\/a><\/td><td class=\"column-3\">Contrata\u00e7\u00e3o de empresa especializada para fornecimento de licenciamento de software para solu\u00e7\u00f5es de seguran\u00e7a da informa\u00e7\u00e3o.<\/td><td class=\"column-4\">24\/06\/2024, \u00e0s 09h<\/td><td class=\"column-5\">Encerrado<\/td><td class=\"column-6\"><a href=\"https:\/\/daf.crp.ufv.br\/smt\/wp-content\/uploads\/resultado-pregao-90015-2024.zip\">resultado preg\u00e3o 90015-2024<\/a><\/td>\n<\/tr>\n<\/tbody>\n<\/table>\n<!-- #tablepress-38 from cache -->\n","protected":false},"excerpt":{"rendered":"","protected":false},"author":4,"featured_media":0,"parent":1339,"menu_order":0,"comment_status":"closed","ping_status":"closed","template":"","meta":{"footnotes":""},"class_list":["post-3535","page","type-page","status-publish","hentry"],"_links":{"self":[{"href":"https:\/\/daf.crp.ufv.br\/smt\/index.php?rest_route=\/wp\/v2\/pages\/3535","targetHints":{"allow":["GET"]}}],"collection":[{"href":"https:\/\/daf.crp.ufv.br\/smt\/index.php?rest_route=\/wp\/v2\/pages"}],"about":[{"href":"https:\/\/daf.crp.ufv.br\/smt\/index.php?rest_route=\/wp\/v2\/types\/page"}],"author":[{"embeddable":true,"href":"https:\/\/daf.crp.ufv.br\/smt\/index.php?rest_route=\/wp\/v2\/users\/4"}],"replies":[{"embeddable":true,"href":"https:\/\/daf.crp.ufv.br\/smt\/index.php?rest_route=%2Fwp%2Fv2%2Fcomments&post=3535"}],"version-history":[{"count":2,"href":"https:\/\/daf.crp.ufv.br\/smt\/index.php?rest_route=\/wp\/v2\/pages\/3535\/revisions"}],"predecessor-version":[{"id":3792,"href":"https:\/\/daf.crp.ufv.br\/smt\/index.php?rest_route=\/wp\/v2\/pages\/3535\/revisions\/3792"}],"up":[{"embeddable":true,"href":"https:\/\/daf.crp.ufv.br\/smt\/index.php?rest_route=\/wp\/v2\/pages\/1339"}],"wp:attachment":[{"href":"https:\/\/daf.crp.ufv.br\/smt\/index.php?rest_route=%2Fwp%2Fv2%2Fmedia&parent=3535"}],"curies":[{"name":"wp","href":"https:\/\/api.w.org\/{rel}","templated":true}]}}