{"id":3531,"date":"2025-04-10T08:44:10","date_gmt":"2025-04-10T11:44:10","guid":{"rendered":"https:\/\/daf.crp.ufv.br\/smt\/?page_id=3531"},"modified":"2025-04-10T09:07:08","modified_gmt":"2025-04-10T12:07:08","slug":"editais-2021","status":"publish","type":"page","link":"https:\/\/daf.crp.ufv.br\/smt\/?page_id=3531","title":{"rendered":"EDITAIS 2021"},"content":{"rendered":"<p>MODALIDADE:<strong> PREG\u00c3O ELETR\u00d4NICO 95\/2021<\/strong> \u2013 Processo: 23114.915351\/2021-78<\/p>\n<p>OBJETO: A<b>quisi\u00e7\u00e3o de Gases Nobres para aulas pr\u00e1ticas e pesquisas da Diretoria de P\u00f3s Gradua\u00e7\u00e3o e cabo el\u00e9trico para manuten\u00e7\u00e3o da UFV Campus Rio Parana\u00edba<br \/>\n<\/b><\/p>\n<p>ABERTURA PARA LANCES: 29 de outubro de 2021<\/p>\n<p>HOR\u00c1RIO: 09h00 (nove horas)<\/p>\n<p>LOCAL: www.comprasgovernamentais.gov.br<\/p>\n<p>UASG: 154051<\/p>\n<p>Clique no link para baixar o Edital: <a href=\"https:\/\/daf.crp.ufv.br\/smt\/wp-content\/uploads\/Edital-e-anexos-95-2021.zip\">Edital e anexos 95-2021<\/a><\/p>\n<p><strong>Status: Finalizado \u2013 RESULTADO:<a href=\"https:\/\/daf.crp.ufv.br\/smt\/wp-content\/uploads\/FornecedorResultadoDecreto-95-2021.pdf\">FornecedorResultadoDecreto 95-2021<\/a><br \/>\n<\/strong><\/p>\n<p>_____________________________________________________________________<\/p>\n<p>MODALIDADE:<strong> PREG\u00c3O ELETR\u00d4NICO 65\/2021<\/strong> \u2013 Processo: 23114.913424\/2021-97<\/p>\n<p>OBJETO: <b>aquisi\u00e7\u00e3o de Vidrarias e material diverso de laborat\u00f3rio para atender demanda em aulas pr\u00e1ticas e pesquisas do Curso de Engenharia Civil da UFV Campus Rio Parana\u00edba<br \/>\n<\/b><\/p>\n<p>ABERTURA PARA LANCES: 18 de outubro de 2021<\/p>\n<p>HOR\u00c1RIO: 09h00 (nove horas)<\/p>\n<p>LOCAL: www.comprasgovernamentais.gov.br<\/p>\n<p>UASG: 154051<\/p>\n<p>Clique no link para baixar o Edital: <a href=\"https:\/\/daf.crp.ufv.br\/smt\/wp-content\/uploads\/Edital-e-anexos-65-2021.zip\">Edital e anexos 65-2021<\/a><\/p>\n<p><strong>Status: Finalizado \u2013 RESULTADO:<a href=\"https:\/\/daf.crp.ufv.br\/smt\/wp-content\/uploads\/Resultado-Fornecedor-Preg\u00e3o-65-2021.pdf\">Resultado Fornecedor Preg\u00e3o 65-2021<\/a><br \/>\n<\/strong><\/p>\n<p>_____________________________________________________________________<\/p>\n<p>MODALIDADE:<strong> PREG\u00c3O ELETR\u00d4NICO 83\/2021<\/strong> \u2013 Processo: 23114.914222\/2021-62<\/p>\n<p>OBJETO: <b>aquisi\u00e7\u00e3o de Reagentes, Vidrarias e material diverso de laborat\u00f3rio para atender demanda em aulas pr\u00e1ticas e pesquisas do Instituto de Ci\u00eancias Biol\u00f3gicas da UFV Campus Rio Parana\u00edba<br \/>\n<\/b><\/p>\n<p>ABERTURA PARA LANCES: 13 de outubro de 2021<\/p>\n<p>HOR\u00c1RIO: 09h00 (nove horas)<\/p>\n<p>LOCAL: www.comprasgovernamentais.gov.br<\/p>\n<p>UASG: 154051<\/p>\n<p>Clique no link para baixar o Edital: <a href=\"https:\/\/daf.crp.ufv.br\/smt\/wp-content\/uploads\/Edital-e-anexos-83-2021.zip\">Edital e anexos 83-2021<\/a><\/p>\n<p><strong>Status: Finalizado \u2013 RESULTADO: <a href=\"https:\/\/daf.crp.ufv.br\/smt\/wp-content\/uploads\/Resultado-por-Fornecedor-Preg\u00e3o-83-2021.pdf\">Resultado por Fornecedor Preg\u00e3o 83-2021<\/a><br \/>\n<\/strong><\/p>\n<p>_____________________________________________________________________<\/p>\n<p>MODALIDADE:<strong> PREG\u00c3O ELETR\u00d4NICO 79\/2021<\/strong> \u2013 Processo: 23114.913886\/2021-12<\/p>\n<p>OBJETO: <b>aquisi\u00e7\u00e3o de Reagentes, Vidrarias e material diverso de laborat\u00f3rio para atender demanda em aulas pr\u00e1ticas e pesquisas do Instituto de Ci\u00eancias Biol\u00f3gicas da UFV Campus Rio Parana\u00edba<br \/>\n<\/b><\/p>\n<p>ABERTURA PARA LANCES: 05 de outubro de 2021<\/p>\n<p>HOR\u00c1RIO: 09h00 (nove horas)<\/p>\n<p>LOCAL: www.comprasgovernamentais.gov.br<\/p>\n<p>UASG: 154051<\/p>\n<p>Clique no link para baixar o Edital: <a href=\"https:\/\/daf.crp.ufv.br\/smt\/wp-content\/uploads\/Edital-e-anexos-79-2021.zip\">Edital e anexos 79-2021<\/a><\/p>\n<p><strong>Status: Finalizado \u2013 RESULTADO: <a href=\"https:\/\/daf.crp.ufv.br\/smt\/wp-content\/uploads\/Resultado-por-fornecedor-79-2021.pdf\">Resultado por fornecedor 79-2021<\/a><br \/>\n<\/strong><\/p>\n<p>_____________________________________________________________________<\/p>\n<p>MODALIDADE:<strong> PREG\u00c3O ELETR\u00d4NICO 78\/2021<\/strong> \u2013 Processo: 23114.913859\/2021-31<\/p>\n<p>OBJETO: <b>Aquisi\u00e7\u00e3o de Reagentes, Vidrarias e material diverso de laborat\u00f3rio para atender demanda em aulas pr\u00e1ticas e pesquisas do Instituto de Ci\u00eancias Biol\u00f3gicas e da DPG da UFV Campus Rio Parana\u00edba<br \/>\n<\/b><\/p>\n<p>ABERTURA PARA LANCES: 05 de outubro de 2021<\/p>\n<p>HOR\u00c1RIO: 09h00 (nove horas)<\/p>\n<p>LOCAL: www.comprasgovernamentais.gov.br<\/p>\n<p>UASG: 154051<\/p>\n<p>Clique no link para baixar o Edital: <a href=\"https:\/\/daf.crp.ufv.br\/smt\/wp-content\/uploads\/Edital-e-anexos-78-2021.zip\">Edital e anexos 78-2021<\/a><\/p>\n<p><strong>Status: Finalizado \u2013 RESULTADO: <a href=\"https:\/\/daf.crp.ufv.br\/smt\/wp-content\/uploads\/Resultado-por-Fornecedor-78-2021.pdf\">Resultado por Fornecedor 78-2021<\/a><br \/>\n<\/strong><\/p>\n<p>_____________________________________________________________________<\/p>\n<p>MODALIDADE:<strong> PREG\u00c3O ELETR\u00d4NICO 71\/2021<\/strong> \u2013 Processo: 23114.913591\/2021-38<\/p>\n<p>OBJETO: <b>aquisi\u00e7\u00e3o de itens de laborat\u00f3rio para o Instituto de Ci\u00eancias Agr\u00e1rias <\/b><\/p>\n<p><b>\u00a0do Campus Rio Parana\u00edba<br \/>\n<\/b><\/p>\n<p>ABERTURA PARA LANCES: 13 de outubro de 2021<\/p>\n<p>HOR\u00c1RIO: 09h00 (nove horas)<\/p>\n<p>LOCAL: www.comprasgovernamentais.gov.br<\/p>\n<p>UASG: 154051<\/p>\n<p>Clique no link para baixar o Edital: <a href=\"https:\/\/daf.crp.ufv.br\/smt\/wp-content\/uploads\/Edital-e-anexos-71-2021.zip\">Edital e anexos 71-2021<\/a><\/p>\n<p><strong>Status: Finalizado \u2013 RESULTADO:<a href=\"https:\/\/daf.crp.ufv.br\/smt\/wp-content\/uploads\/Resultado-por-Fornecedor-71-2021.pdf\">Resultado por Fornecedor 71-2021<\/a><\/strong><\/p>\n<p>_____________________________________________________________________<\/p>\n<p>MODALIDADE:<strong> PREG\u00c3O ELETR\u00d4NICO 77\/2021<\/strong> \u2013 Processo: 23114.913820\/2021-14<\/p>\n<p>OBJETO: <b>aquisi\u00e7\u00e3o de tubos PVC, cabos el\u00e9tricos, conex\u00f5es hidr\u00e1ulicas e outros itens para manuten\u00e7\u00e3o das \u00e1reas internas e externas da UFV Campus Rio Parana\u00edba.<br \/>\n<\/b><\/p>\n<p>ABERTURA PARA LANCES: 28 de Setembro de 2021<\/p>\n<p>HOR\u00c1RIO: 09h00 (nove horas)<\/p>\n<p>LOCAL: www.comprasgovernamentais.gov.br<\/p>\n<p>UASG: 154051<\/p>\n<p>Clique no link para baixar o Edital: <a href=\"https:\/\/daf.crp.ufv.br\/smt\/wp-content\/uploads\/Edital-e-anexos-77-2021.zip\">Edital e anexos 77-2021<\/a><\/p>\n<p><strong>Status: Finalizado \u2013 RESULTADO: <a href=\"https:\/\/daf.crp.ufv.br\/smt\/wp-content\/uploads\/Resultado-por-fornecedor-77-2021.pdf\">Resultado por fornecedor 77-2021<\/a><br \/>\n<\/strong><\/p>\n<p>_____________________________________________________________________<\/p>\n<p>MODALIDADE:<strong> PREG\u00c3O ELETR\u00d4NICO 76\/2021<\/strong> \u2013 Processo: 23114.913791\/2021-91<\/p>\n<p>OBJETO: Aquisi\u00e7\u00e3o de material de limpeza para atender demandada UFV Campus Rio Parana\u00edba.<b><br \/>\n<\/b><\/p>\n<p>ABERTURA PARA LANCES: 23 de Setembro de 2021<\/p>\n<p>HOR\u00c1RIO: 09h00 (nove horas)<\/p>\n<p>LOCAL: www.comprasgovernamentais.gov.br<\/p>\n<p>UASG: 154051<\/p>\n<p>Clique no link para baixar o Edital: <a href=\"https:\/\/daf.crp.ufv.br\/smt\/wp-content\/uploads\/Edital-e-anexos-76-2021.zip\">Edital e anexos 76-2021<\/a><\/p>\n<p><strong>Status: Finalizado \u2013 RESULTADO: <a href=\"https:\/\/daf.crp.ufv.br\/smt\/wp-content\/uploads\/Resultado-76-2021.pdf\">Resultado 76-2021<\/a><br \/>\n<\/strong><\/p>\n<p>_____________________________________________________________________<\/p>\n<p>MODALIDADE:<strong> PREG\u00c3O ELETR\u00d4NICO 66\/2021<\/strong> \u2013 Processo: 23114.913251\/2021-15<\/p>\n<p>OBJETO: Aquisi\u00e7\u00e3o de <b>material de inform\u00e1tica para atender demanda da UFV Campus Rio Parana\u00edba.<br \/>\n<\/b><\/p>\n<p>ABERTURA PARA LANCES: 28 de Setembro de 2021<\/p>\n<p>HOR\u00c1RIO: 09h00 (nove horas)<\/p>\n<p>LOCAL: www.comprasgovernamentais.gov.br<\/p>\n<p>UASG: 154051<\/p>\n<p>Clique no link para baixar o Edital: <a href=\"https:\/\/daf.crp.ufv.br\/smt\/wp-content\/uploads\/Edital-e-anexos-66-2021.zip\">Edital e anexos 66-2021<\/a><\/p>\n<p><strong>Status: Finalizado \u2013 RESULTADO: <a href=\"https:\/\/daf.crp.ufv.br\/smt\/wp-content\/uploads\/Resultado-66-2021.pdf\">Resultado 66-2021<\/a><br \/>\n<\/strong><\/p>\n<p>_____________________________________________________________________<\/p>\n<p>MODALIDADE:<strong> PREG\u00c3O ELETR\u00d4NICO 72\/2021<\/strong> \u2013 Processo: 23114.913616\/2021-01<\/p>\n<p>OBJETO: <b>material de expediente para atender demanda da UFV Campus Rio Parana\u00edba<br \/>\n<\/b><\/p>\n<p>ABERTURA PARA LANCES: 23 de Setembro de 2021<\/p>\n<p>HOR\u00c1RIO: 09h00 (nove horas)<\/p>\n<p>LOCAL: www.comprasgovernamentais.gov.br<\/p>\n<p>UASG: 154051<\/p>\n<p>Clique no link para baixar o Edital: <a href=\"https:\/\/daf.crp.ufv.br\/smt\/wp-content\/uploads\/Edital-e-anexos-72-2021.zip\">Edital e anexos 72-2021<\/a><\/p>\n<p><strong>Status: Finalizado \u2013 RESULTADO: <a href=\"https:\/\/daf.crp.ufv.br\/smt\/wp-content\/uploads\/Resultado-72-2021.pdf\">Resultado 72-2021<\/a><br \/>\n<\/strong><\/p>\n<p>_____________________________________________________________________<\/p>\n<p>MODALIDADE:<strong> PREG\u00c3O ELETR\u00d4NICO 67\/2021<\/strong> \u2013 Processo: 23114.913400\/2021-38<\/p>\n<p>OBJETO: <b>aquisi\u00e7\u00e3o de itens para o laborat\u00f3rio do Curso de Nutri\u00e7\u00e3o da UFV \u2013 Campus Rio Parana\u00edba<br \/>\n<\/b><\/p>\n<p>ABERTURA PARA LANCES: 20 de Setembro de 2021<\/p>\n<p>HOR\u00c1RIO: 09h00 (nove horas)<\/p>\n<p>LOCAL: www.comprasgovernamentais.gov.br<\/p>\n<p>UASG: 154051<\/p>\n<p>Clique no link para baixar o Edital: <a href=\"https:\/\/daf.crp.ufv.br\/smt\/wp-content\/uploads\/Edital-e-anexos-67-2021.zip\">Edital e anexos 67-2021<\/a><\/p>\n<p><strong>Status: Finalizado \u2013 RESULTADO: <a href=\"https:\/\/daf.crp.ufv.br\/smt\/wp-content\/uploads\/Resultado-67-2021.pdf\">Resultado 67-2021<\/a><br \/>\n<\/strong><\/p>\n<p>_____________________________________________________________________<\/p>\n<p>MODALIDADE:<strong> PREG\u00c3O ELETR\u00d4NICO 62\/2021<\/strong> \u2013 Processo: 23114.913210\/2021-11<\/p>\n<p>OBJETO: <b>Aquisi\u00e7\u00e3o de itens diversos de inform\u00e1tica para atender demanda do IEP<br \/>\n<\/b><\/p>\n<p>ABERTURA PARA LANCES: 30 de Setembro de 2021<\/p>\n<p>HOR\u00c1RIO: 09h00 (nove horas)<\/p>\n<p>LOCAL: www.comprasgovernamentais.gov.br<\/p>\n<p>UASG: 154051<\/p>\n<p>Clique no link para baixar o Edital: <a href=\"https:\/\/daf.crp.ufv.br\/smt\/wp-content\/uploads\/Edital-e-anexos-62-2021.zip\">Edital e anexos 62-2021<\/a><\/p>\n<p><strong>Status: Agendado<\/strong><\/p>\n<p>_____________________________________________________________________<\/p>\n<p>MODALIDADE:<strong> PREG\u00c3O ELETR\u00d4NICO 60\/2021<\/strong> \u2013 Processo: 23114.913026\/2021-71<\/p>\n<p>OBJETO: <b>Aquisi\u00e7\u00e3o de gases nobres para atender Curso de Qu\u00edmica IEP<br \/>\n<\/b><\/p>\n<p>ABERTURA PARA LANCES: 17 de Setembro de 2021<\/p>\n<p>HOR\u00c1RIO: 09h00 (nove horas)<\/p>\n<p>LOCAL: www.comprasgovernamentais.gov.br<\/p>\n<p>UASG: 154051<\/p>\n<p>Clique no link para baixar o Edital: <a href=\"https:\/\/daf.crp.ufv.br\/smt\/wp-content\/uploads\/Edital-e-anexos-60-2021.zip\">Edital e anexos 60-2021<\/a><\/p>\n<p><strong>Status: Finalizado \u2013 RESULTADO: <a href=\"https:\/\/daf.crp.ufv.br\/smt\/wp-content\/uploads\/Resultado-60-2021.pdf\">Resultado 60-2021<\/a><br \/>\n<\/strong><\/p>\n<p>_____________________________________________________________________<\/p>\n<p>MODALIDADE:<strong> PREG\u00c3O ELETR\u00d4NICO 59\/2021<\/strong> \u2013 Processo: 23114.90912292\/2021-86<\/p>\n<p>OBJETO: <b>Aquisi\u00e7\u00e3o de gases nobres para atender DPG<br \/>\n<\/b><\/p>\n<p>ABERTURA PARA LANCES: 13 de Setembro de 2021<\/p>\n<p>HOR\u00c1RIO: 09h00 (nove horas)<\/p>\n<p>LOCAL: www.comprasgovernamentais.gov.br<\/p>\n<p>UASG: 154051<\/p>\n<p>Clique no link para baixar o Edital: <a href=\"https:\/\/daf.crp.ufv.br\/smt\/wp-content\/uploads\/Edital-e-anexos-59-2021.zip\">Edital e anexos 59-2021<\/a><\/p>\n<p><strong>Status: Finalizado \u2013 RESULTADO: <a href=\"https:\/\/daf.crp.ufv.br\/smt\/wp-content\/uploads\/Resultado-59-2021.pdf\">Resultado 59-2021<\/a><br \/>\n<\/strong><\/p>\n<p>_____________________________________________________________________<\/p>\n<p>MODALIDADE:<strong> PREG\u00c3O ELETR\u00d4NICO 06\/2021<\/strong> \u2013 Processo: 23114.901186\/2021-77<\/p>\n<p>OBJETO: <b>Contrata\u00e7\u00e3o de Empresa Especializada para Presta\u00e7\u00e3o de Servi\u00e7o de Interconex\u00e3o de redes e dados do Clear Channel ou Lan2Lan entre as unidades administrativas BBT e CRP-I<br \/>\n<\/b><\/p>\n<p>ABERTURA PARA LANCES: 10 de Mar\u00e7o de 2021<\/p>\n<p>HOR\u00c1RIO: 09h00 (nove horas)<\/p>\n<p>LOCAL: www.comprasgovernamentais.gov.br<\/p>\n<p>UASG: 154051<\/p>\n<p>Clique no link para baixar o Edital: <a href=\"https:\/\/daf.crp.ufv.br\/smt\/wp-content\/uploads\/edital-06-2021-intercomunica\u00e7\u00e3o-de-dados.zip\">edital 06-2021 \u2013 intercomunica\u00e7\u00e3o de dados<\/a><\/p>\n<p>Resultado do Preg\u00e3o: <a href=\"https:\/\/daf.crp.ufv.br\/smt\/wp-content\/uploads\/Resultado-por-fornecedor-preg\u00e3o-06-2021.pdf\">Resultado por fornecedor preg\u00e3o 06-2021<\/a><\/p>\n<p><strong>\u00a0<\/strong><\/p>\n<p>_____________________________________________________________________<\/p>\n<p>MODALIDADE:<strong> PREG\u00c3O ELETR\u00d4NICO 5\/2021<\/strong> \u2013 Processo: 23114.901183\/2021-33<\/p>\n<p>OBJETO: <b>Contrata\u00e7\u00e3o de Empresa Especializada para Presta\u00e7\u00e3o de Servi\u00e7o de Telefonia Fixa Comutada<\/b><\/p>\n<p>ABERTURA PARA LANCES: 10 de Mar\u00e7o de 2021<\/p>\n<p>HOR\u00c1RIO: 09h00 (nove horas)<\/p>\n<p>LOCAL: www.comprasgovernamentais.gov.br<\/p>\n<p>UASG: 154051<\/p>\n<p>Clique no link para baixar o Edital: <a href=\"https:\/\/daf.crp.ufv.br\/smt\/wp-content\/uploads\/Edital-05-2021-Servi\u00e7o-de-telefonia.zip\">Edital 05-2021 \u2013 Servi\u00e7o de telefonia<\/a><\/p>\n<p>Resultado do Preg\u00e3o: <a href=\"https:\/\/daf.crp.ufv.br\/smt\/wp-content\/uploads\/Resultado-por-fornecedor-05-2021.pdf\">Resultado por fornecedor 05-2021<\/a><\/p>\n","protected":false},"excerpt":{"rendered":"<p>MODALIDADE: PREG\u00c3O ELETR\u00d4NICO 95\/2021 \u2013 Processo: 23114.915351\/2021-78 OBJETO: Aquisi\u00e7\u00e3o de Gases Nobres para aulas pr\u00e1ticas e pesquisas da Diretoria de P\u00f3s Gradua\u00e7\u00e3o e cabo el\u00e9trico para manuten\u00e7\u00e3o da UFV Campus Rio Parana\u00edba ABERTURA PARA LANCES: 29 de outubro de 2021 HOR\u00c1RIO: 09h00 (nove horas) LOCAL: www.comprasgovernamentais.gov.br UASG: 154051 Clique no link para baixar o Edital: [&hellip;]<\/p>\n","protected":false},"author":4,"featured_media":0,"parent":1339,"menu_order":0,"comment_status":"closed","ping_status":"closed","template":"","meta":{"footnotes":""},"class_list":["post-3531","page","type-page","status-publish","hentry"],"_links":{"self":[{"href":"https:\/\/daf.crp.ufv.br\/smt\/index.php?rest_route=\/wp\/v2\/pages\/3531","targetHints":{"allow":["GET"]}}],"collection":[{"href":"https:\/\/daf.crp.ufv.br\/smt\/index.php?rest_route=\/wp\/v2\/pages"}],"about":[{"href":"https:\/\/daf.crp.ufv.br\/smt\/index.php?rest_route=\/wp\/v2\/types\/page"}],"author":[{"embeddable":true,"href":"https:\/\/daf.crp.ufv.br\/smt\/index.php?rest_route=\/wp\/v2\/users\/4"}],"replies":[{"embeddable":true,"href":"https:\/\/daf.crp.ufv.br\/smt\/index.php?rest_route=%2Fwp%2Fv2%2Fcomments&post=3531"}],"version-history":[{"count":2,"href":"https:\/\/daf.crp.ufv.br\/smt\/index.php?rest_route=\/wp\/v2\/pages\/3531\/revisions"}],"predecessor-version":[{"id":3717,"href":"https:\/\/daf.crp.ufv.br\/smt\/index.php?rest_route=\/wp\/v2\/pages\/3531\/revisions\/3717"}],"up":[{"embeddable":true,"href":"https:\/\/daf.crp.ufv.br\/smt\/index.php?rest_route=\/wp\/v2\/pages\/1339"}],"wp:attachment":[{"href":"https:\/\/daf.crp.ufv.br\/smt\/index.php?rest_route=%2Fwp%2Fv2%2Fmedia&parent=3531"}],"curies":[{"name":"wp","href":"https:\/\/api.w.org\/{rel}","templated":true}]}}