{"id":3529,"date":"2025-04-10T08:43:05","date_gmt":"2025-04-10T11:43:05","guid":{"rendered":"https:\/\/daf.crp.ufv.br\/smt\/?page_id=3529"},"modified":"2025-04-10T09:07:33","modified_gmt":"2025-04-10T12:07:33","slug":"editais-2022","status":"publish","type":"page","link":"https:\/\/daf.crp.ufv.br\/smt\/?page_id=3529","title":{"rendered":"EDITAIS 2022"},"content":{"rendered":"<p>MODALIDADE:<strong> PREG\u00c3O ELETR\u00d4NICO 158\/<\/strong><strong>2022<\/strong> \u2013 Processo: 23114.920331-2022-08<\/p>\n<p>OBJETO: <strong>Presta\u00e7\u00e3o de servi\u00e7os n\u00e3o continuados de Som, Ilumina\u00e7\u00e3o, Decora\u00e7\u00e3o e <\/strong><strong>Montagem de Estruturas visando atender \u00e0s necessidades da Cerim\u00f4nia<\/strong><br \/>\n<strong>de Cola\u00e7\u00e3o de Grau dos Formandos do 2. o Semestre de 2022 da<\/strong><br \/>\n<strong>Universidade Federal de Vi\u00e7osa \u2013 Campus Rio Parana\u00edba (UFV\/CRP)<\/strong><b><br \/>\n<\/b><\/p>\n<p>ABERTURA PARA LANCES: 03 de janeiro de 2023<\/p>\n<p>HOR\u00c1RIO: 09h00 (nove horas)<\/p>\n<p>LOCAL: www.comprasgovernamentais.gov.br<\/p>\n<p>UASG: 154051<\/p>\n<p>Clique no link para baixar o Edital: <a href=\"https:\/\/daf.crp.ufv.br\/smt\/wp-content\/uploads\/Edital-e-anexos-158-2022.zip\">Edital e anexos 158-2022<\/a><\/p>\n<p><strong>Status: Finalizado \u2013 Resultado: <a href=\"https:\/\/daf.crp.ufv.br\/smt\/wp-content\/uploads\/resultado-por-fornecedor.pdf\">resultado por fornecedor<\/a><br \/>\n<\/strong><\/p>\n<p>_____________________________________________________________________<\/p>\n<p>MODALIDADE:<strong> PREG\u00c3O ELETR\u00d4NICO 121\/<\/strong><strong>2022<\/strong> \u2013 Processo: 23114.916972-2022-50<\/p>\n<p>OBJETO: <strong>Aquisi\u00e7\u00e3o de materiais de poste met\u00e1lico, materiais de limpeza e itens de escrit\u00f3rio para atender demanda dos diversos setores da UFV Campus Rio Parana\u00edba<\/strong><b>.<br \/>\n<\/b><\/p>\n<p>ABERTURA PARA LANCES: 29 de setembro de 2022<\/p>\n<p>HOR\u00c1RIO: 09h00 (nove horas)<\/p>\n<p>LOCAL: www.comprasgovernamentais.gov.br<\/p>\n<p>UASG: 154051<\/p>\n<p>Clique no link para baixar o Edital: <a href=\"https:\/\/daf.crp.ufv.br\/smt\/wp-content\/uploads\/Edital-e-anexos-121-2022.zip\">Edital e anexos 121-2022<\/a><\/p>\n<p><strong>Status: Finalizado \u2013 Resultado: <a href=\"https:\/\/daf.crp.ufv.br\/smt\/wp-content\/uploads\/Resultado-por-Fornecedor-121-2022.pdf\">Resultado por Fornecedor 121-2022<\/a><br \/>\n<\/strong><\/p>\n<p>_____________________________________________________________________<\/p>\n<p>MODALIDADE:<strong> PREG\u00c3O ELETR\u00d4NICO 111\/<\/strong><strong>2022<\/strong> \u2013 Processo: 23114.914187-2022-62<\/p>\n<p>OBJETO: <strong>Aquisi\u00e7\u00e3o de g\u00eaneros aliment\u00edcios para aulas pr\u00e1ticas do curso de<\/strong><br \/>\n<strong>Nutri\u00e7\u00e3o do Campus Rio Parana\u00edba<\/strong><b>.<br \/>\n<\/b><\/p>\n<p>ABERTURA PARA LANCES: 21 de setembro de 2022<\/p>\n<p>HOR\u00c1RIO: 09h00 (nove horas)<\/p>\n<p>LOCAL: www.comprasgovernamentais.gov.br<\/p>\n<p>UASG: 154051<\/p>\n<p>Clique no link para baixar o Edital: <a href=\"https:\/\/daf.crp.ufv.br\/smt\/wp-content\/uploads\/Edital-e-anexos-111-2022.zip\">Edital e anexos 111-2022<\/a><\/p>\n<p><strong>Status: Finalizado \u2013 Resultado: <a href=\"https:\/\/daf.crp.ufv.br\/smt\/wp-content\/uploads\/Resultado-por-Fornecedor-111-2022.pdf\">Resultado por Fornecedor 111-2022<\/a><br \/>\n<\/strong><\/p>\n<p>_____________________________________________________________________<\/p>\n<p>MODALIDADE:<strong> PREG\u00c3O ELETR\u00d4NICO 106\/<\/strong><strong>2022<\/strong> \u2013 Processo: 23114.914300\/2022-18<\/p>\n<p>OBJETO: <strong>Aquisi\u00e7\u00e3o de reagentes, vidrarias e outros itens de laborat\u00f3rio para suprir a demanda para aulas pr\u00e1ticas dos diversos laborat\u00f3rios de ensino e pesquisa da UFV Campus Rio Parana\u00edba<\/strong><b>.<br \/>\n<\/b><\/p>\n<p>ABERTURA PARA LANCES: 14 de setembro de 2022<\/p>\n<p>HOR\u00c1RIO: 09h00 (nove horas)<\/p>\n<p>LOCAL: www.comprasgovernamentais.gov.br<\/p>\n<p>UASG: 154051<\/p>\n<p>Clique no link para baixar o Edital: <a href=\"https:\/\/daf.crp.ufv.br\/smt\/wp-content\/uploads\/Edital-106-2022.zip\">Edital 106-2022<\/a><\/p>\n<p><strong>Status: FINALIZADO \u2013 RESULTADO: <a href=\"https:\/\/daf.crp.ufv.br\/smt\/wp-content\/uploads\/resultado-preg\u00e3o-106-2022.pdf\">resultado preg\u00e3o 106-2022<\/a><br \/>\n<\/strong><\/p>\n<p>____________________________________________________________________<\/p>\n<p>MODALIDADE:<strong> PREG\u00c3O ELETR\u00d4NICO 105\/<\/strong><strong>2022<\/strong> \u2013 Processo: 23114.914233\/2022-23<\/p>\n<p>OBJETO: <strong>Aquisi\u00e7\u00e3o de reagentes, vidrarias e outros itens de laborat\u00f3rio para suprir a demanda para aulas pr\u00e1ticas dos diversos laborat\u00f3rios de ensino e pesquisa da UFV Campus Rio Parana\u00edba<\/strong><b>.<br \/>\n<\/b><\/p>\n<p>ABERTURA PARA LANCES: 12 de setembro de 2022<\/p>\n<p>HOR\u00c1RIO: 09h00 (nove horas)<\/p>\n<p>LOCAL: www.comprasgovernamentais.gov.br<\/p>\n<p>UASG: 154051<\/p>\n<p>Clique no link para baixar o Edital: <a href=\"https:\/\/daf.crp.ufv.br\/smt\/wp-content\/uploads\/Edital-105-2022.zip\">Edital 105-2022<\/a><\/p>\n<p><strong>Status: FINALIZADO \u2013 RESULTADO: <a href=\"https:\/\/daf.crp.ufv.br\/smt\/wp-content\/uploads\/Resultado-105.pdf\">Resultado 105<\/a><br \/>\n<\/strong><\/p>\n<p>_____________________________________________________________________<\/p>\n<p>MODALIDADE:<strong> PREG\u00c3O ELETR\u00d4NICO 103\/<\/strong><strong>2022<\/strong> \u2013 Processo: 23114.914106\/2022-24<\/p>\n<p>OBJETO: <strong>Aquisi\u00e7\u00e3o de materiais de inform\u00e1tica (processador, ventoinha, mouse) e papelaria para atender demanda dos diversos setores da UFV Campus Rio Parana\u00edba.<\/strong><b><br \/>\n<\/b><\/p>\n<p>ABERTURA PARA LANCES: 19 de setembro de 2022<\/p>\n<p>HOR\u00c1RIO: 09h00 (nove horas)<\/p>\n<p>LOCAL: www.comprasgovernamentais.gov.br<\/p>\n<p>UASG: 154051<\/p>\n<p>Clique no link para baixar o Edital: <a href=\"https:\/\/daf.crp.ufv.br\/smt\/wp-content\/uploads\/Edital-103-2022.zip\">Edital 103-2022<\/a><\/p>\n<p><strong>Status: agendado<\/strong><\/p>\n<p>_____________________________________________________________________<\/p>\n<p>MODALIDADE:<strong> PREG\u00c3O ELETR\u00d4NICO 94\/<\/strong><strong>2022<\/strong> \u2013 Processo: 23114.912446\/2022-47<\/p>\n<p>OBJETO: <strong>Aquisi\u00e7\u00e3o de material hidr\u00e1ulico, arame galvanizado, ferragens e outros itens utilizados em constru\u00e7\u00e3o civil para sanar a necessidade do Servi\u00e7o de Projetos e Obras desses itens usados na manuten\u00e7\u00e3o predial do Campus e para o uso em aulas pr\u00e1ticas <\/strong><strong>do curso de Engenharia Civil da UFV Campus Rio Parana\u00edba<\/strong><b>.<br \/>\n<\/b><\/p>\n<p>ABERTURA PARA LANCES: 08 de setembro de 2022<\/p>\n<p>HOR\u00c1RIO: 09h00 (nove horas)<\/p>\n<p>LOCAL: www.comprasgovernamentais.gov.br<\/p>\n<p>UASG: 154051<\/p>\n<p>Clique no link para baixar o Edital: <a href=\"https:\/\/daf.crp.ufv.br\/smt\/wp-content\/uploads\/Edital-e-anexos-94-2022.zip\">Edital e anexos 94-2022<\/a><\/p>\n<p><strong>Status: FINALIZADO \u2013 RESULTADO: <a href=\"https:\/\/daf.crp.ufv.br\/smt\/wp-content\/uploads\/Resultado-94-2022.pdf\">Resultado 94-2022<\/a><br \/>\n<\/strong><\/p>\n<p>______________________________________________________________________<\/p>\n<p>MODALIDADE:<strong> PREG\u00c3O ELETR\u00d4NICO 102<\/strong><strong>\/2022<\/strong> \u2013 Processo: 23114.914044\/2022-51<\/p>\n<p>OBJETO: <b>Aquisi\u00e7\u00e3o de material de constru\u00e7\u00e3o diverso, areia, lixa, broca, parafusos, arame galvanizado, ferragens e outros itens utilizados em constru\u00e7\u00e3o civil para suprir a demanda do Servi\u00e7o de Projetos e Obras, os itens ser\u00e3o usados na manuten\u00e7\u00e3o predial da UFV Campus Rio Parana\u00edba<br \/>\n<\/b><\/p>\n<p>ABERTURA PARA LANCES: 05 de setembro de 2022<\/p>\n<p>HOR\u00c1RIO: 09h00 (nove horas)<\/p>\n<p>LOCAL: www.comprasgovernamentais.gov.br<\/p>\n<p>UASG: 154051<\/p>\n<p>Clique no link para baixar o Edital: <a href=\"https:\/\/daf.crp.ufv.br\/smt\/wp-content\/uploads\/Edital-102-2022.zip\">Edital 102-2022<\/a><\/p>\n<p><strong>Status: FINALIZADO \u2013 RESULTADO <a href=\"https:\/\/daf.crp.ufv.br\/smt\/wp-content\/uploads\/Resultado-102.pdf\">Resultado 102<\/a><br \/>\n<\/strong><\/p>\n<p>______________________________________________________________________<\/p>\n<p>MODALIDADE:<strong> PREG\u00c3O ELETR\u00d4NICO 83\/2022<\/strong> \u2013 Processo: 23114.912427\/2022-94<\/p>\n<p>OBJETO: Aquisi\u00e7\u00e3o de <span dir=\"ltr\" role=\"presentation\">gases nobres para atender a demanda da DPG \u2013 Diretoria de P\u00f3s Gradua\u00e7\u00e3o da UFV Campus Rio Parana\u00edba<\/span><b><br \/>\n<\/b><\/p>\n<p>ABERTURA PARA LANCES: 01 de setembro de 2022<\/p>\n<p>HOR\u00c1RIO: 09h00 (nove horas)<\/p>\n<p>LOCAL: www.comprasgovernamentais.gov.br<\/p>\n<p>UASG: 154051<\/p>\n<p>Clique no link para baixar o Edital: <a href=\"https:\/\/daf.crp.ufv.br\/smt\/wp-content\/uploads\/Preg\u00e3o-83-2022.zip\">Preg\u00e3o 83-2022<\/a><\/p>\n<p><strong>Status: FINALIZADO \u2013 RESULTADO: <a href=\"https:\/\/daf.crp.ufv.br\/smt\/wp-content\/uploads\/Resultado-83-2022.pdf\">Resultado 83-2022<\/a><br \/>\n<\/strong><\/p>\n<p>______________________________________________________________________<\/p>\n<p>MODALIDADE:<strong> PREG\u00c3O ELETR\u00d4NICO 69\/2022<\/strong> \u2013 Processo: 23114.910071\/2022-54<\/p>\n<p>OBJETO: escolha da proposta mais vantajosa para a material de expediente para atender demanda dos diversos setores da UFV Campus Rio Parana\u00edba sob demanda e controle do Servi\u00e7o de Almoxarifado central do Campus<b><br \/>\n<\/b><\/p>\n<p>ABERTURA PARA LANCES: 29 de agosto de 2022<\/p>\n<p>HOR\u00c1RIO: 09h00 (nove horas)<\/p>\n<p>LOCAL: www.comprasgovernamentais.gov.br<\/p>\n<p>UASG: 154051<\/p>\n<p>Clique no link para baixar o Edital: <a href=\"https:\/\/daf.crp.ufv.br\/smt\/wp-content\/uploads\/Preg\u00e3o-69-2022.zip\">Edital e anexos 69-2022<\/a><\/p>\n<p><strong>Status: FINALIZADO \u2013 RESULTADO: <a href=\"https:\/\/daf.crp.ufv.br\/smt\/wp-content\/uploads\/Resultado-69-2022.pdf\">Resultado 69-2022<\/a><br \/>\n<\/strong><\/p>\n<p>______________________________________________________________________<\/p>\n<p>MODALIDADE:<strong> PREG\u00c3O ELETR\u00d4NICO 77\/2022<\/strong> \u2013 Processo: 23114.911400\/2022-84<\/p>\n<p>OBJETO: escolha da proposta mais vantajosa para<br \/>\naquisi\u00e7\u00e3o de materiais de limpeza e higiene para atender demanda dos<br \/>\ndiversos setores da UFV Campus Rio Parana\u00edba sob demanda e controle<br \/>\ndo Servi\u00e7o de Almoxarifado central do Campus<b><br \/>\n<\/b><\/p>\n<p>ABERTURA PARA LANCES: 22 de agosto de 2022<\/p>\n<p>HOR\u00c1RIO: 09h00 (nove horas)<\/p>\n<p>LOCAL: www.comprasgovernamentais.gov.br<\/p>\n<p>UASG: 154051<\/p>\n<p>Clique no link para baixar o Edital: <a href=\"https:\/\/daf.crp.ufv.br\/smt\/wp-content\/uploads\/Preg\u00e3o-77-2022.zip\">Preg\u00e3o 77-2022<\/a><\/p>\n<p><strong>Status: FINALIZADO \u2013 RESULTADO: <a href=\"https:\/\/daf.crp.ufv.br\/smt\/wp-content\/uploads\/Resultado-preg\u00e3o-77-2022.pdf\">Resultado preg\u00e3o 77-2022<\/a><br \/>\n<\/strong><\/p>\n<p>______________________________________________________________________<\/p>\n<p>MODALIDADE:<strong> PREG\u00c3O ELETR\u00d4NICO 86\/2022<\/strong> \u2013 Processo: 23114.911986\/2022-87<\/p>\n<p>OBJETO: <b>contrata\u00e7\u00e3o de servi\u00e7os n\u00e3o continuados de instala\u00e7\u00e3o \/ opera\u00e7\u00e3o \/ <\/b><b>loca\u00e7\u00e3o de equipamentos de luz, imagem e som; decora\u00e7\u00e3o eventos \u2013 solenidade -; loca\u00e7\u00e3o de tablados, tipo pratic\u00e1veis,com instala\u00e7\u00e3o, para a cola\u00e7\u00e3o de grau semestre I, do campus UFV Rio Parana\u00edba<br \/>\n<\/b><\/p>\n<p>ABERTURA PARA LANCES: 05 de agosto de 2022<\/p>\n<p>HOR\u00c1RIO: 09h00 (nove horas)<\/p>\n<p>LOCAL: www.comprasgovernamentais.gov.br<\/p>\n<p>UASG: 154051<\/p>\n<p>Clique no link para baixar o Edital: <a href=\"https:\/\/daf.crp.ufv.br\/smt\/wp-content\/uploads\/Edital-86-2022.zip\">Edital e anexos 86-2022<\/a><\/p>\n<p><strong>Status: FINALIZADO RESULTADO: <a href=\"https:\/\/daf.crp.ufv.br\/smt\/wp-content\/uploads\/Fornecedor-Resultado.pdf\">Fornecedor Resultado<\/a><\/strong><\/p>\n","protected":false},"excerpt":{"rendered":"<p>MODALIDADE: PREG\u00c3O ELETR\u00d4NICO 158\/2022 \u2013 Processo: 23114.920331-2022-08 OBJETO: Presta\u00e7\u00e3o de servi\u00e7os n\u00e3o continuados de Som, Ilumina\u00e7\u00e3o, Decora\u00e7\u00e3o e Montagem de Estruturas visando atender \u00e0s necessidades da Cerim\u00f4nia de Cola\u00e7\u00e3o de Grau dos Formandos do 2. o Semestre de 2022 da Universidade Federal de Vi\u00e7osa \u2013 Campus Rio Parana\u00edba (UFV\/CRP) ABERTURA PARA LANCES: 03 de janeiro [&hellip;]<\/p>\n","protected":false},"author":4,"featured_media":0,"parent":1339,"menu_order":0,"comment_status":"closed","ping_status":"closed","template":"","meta":{"footnotes":""},"class_list":["post-3529","page","type-page","status-publish","hentry"],"_links":{"self":[{"href":"https:\/\/daf.crp.ufv.br\/smt\/index.php?rest_route=\/wp\/v2\/pages\/3529","targetHints":{"allow":["GET"]}}],"collection":[{"href":"https:\/\/daf.crp.ufv.br\/smt\/index.php?rest_route=\/wp\/v2\/pages"}],"about":[{"href":"https:\/\/daf.crp.ufv.br\/smt\/index.php?rest_route=\/wp\/v2\/types\/page"}],"author":[{"embeddable":true,"href":"https:\/\/daf.crp.ufv.br\/smt\/index.php?rest_route=\/wp\/v2\/users\/4"}],"replies":[{"embeddable":true,"href":"https:\/\/daf.crp.ufv.br\/smt\/index.php?rest_route=%2Fwp%2Fv2%2Fcomments&post=3529"}],"version-history":[{"count":1,"href":"https:\/\/daf.crp.ufv.br\/smt\/index.php?rest_route=\/wp\/v2\/pages\/3529\/revisions"}],"predecessor-version":[{"id":3530,"href":"https:\/\/daf.crp.ufv.br\/smt\/index.php?rest_route=\/wp\/v2\/pages\/3529\/revisions\/3530"}],"up":[{"embeddable":true,"href":"https:\/\/daf.crp.ufv.br\/smt\/index.php?rest_route=\/wp\/v2\/pages\/1339"}],"wp:attachment":[{"href":"https:\/\/daf.crp.ufv.br\/smt\/index.php?rest_route=%2Fwp%2Fv2%2Fmedia&parent=3529"}],"curies":[{"name":"wp","href":"https:\/\/api.w.org\/{rel}","templated":true}]}}