{"id":3473,"date":"2025-01-27T15:24:03","date_gmt":"2025-01-27T18:24:03","guid":{"rendered":"https:\/\/daf.crp.ufv.br\/smt\/?page_id=3473"},"modified":"2025-04-10T09:25:31","modified_gmt":"2025-04-10T12:25:31","slug":"contrato-n-o-174-2024","status":"publish","type":"page","link":"https:\/\/daf.crp.ufv.br\/smt\/?page_id=3473","title":{"rendered":"Contrato n.\u00ba 174\/2024"},"content":{"rendered":"\n<table id=\"tablepress-46\" class=\"tablepress tablepress-id-46\">\n<thead>\n<tr class=\"row-1\">\n\t<th class=\"column-1\"><strong>DOCUMENTO<\/strong><\/th><th class=\"column-2\"><strong>OBJETO<\/strong><\/th><th class=\"column-3\"><strong>VALOR ATUALIZADO EM R$<\/strong><\/th>\n<\/tr>\n<\/thead>\n<tbody class=\"row-striping row-hover\">\n<tr class=\"row-2\">\n\t<td class=\"column-1\"><a href=\"https:\/\/daf.crp.ufv.br\/smt\/wp-content\/uploads\/Contrato-no-174-2024-COPASA-MG-Imovel-Locado-Divulgacao.pdf\" target=\"_blank\">Contrato n.\u00ba 174\/2024<\/a><\/td><td class=\"column-2\">Presta\u00e7\u00e3o de servi\u00e7os para fornecimento de \u00e1gua e coleta de esgosto sanit\u00e1rio para atender o im\u00f3vel locado pela UFV - Campus Rio Parana\u00edba.<\/td><td class=\"column-3\">621,24<\/td>\n<\/tr>\n<tr class=\"row-3\">\n\t<td class=\"column-1\"><a href=\"https:\/\/daf.crp.ufv.br\/smt\/wp-content\/uploads\/Termo-de-Apostilamento-no-01-2026-Contrato-no-174-2024-COPASA-MG-Imovel-Locado-Divulgacao.pdf\" target=\"_blank\">Termo de Apostilamento n.\u00ba 01\/2026<\/a><\/td><td class=\"column-2\">Registro da dota\u00e7\u00e3o or\u00e7ament\u00e1ria para lastrear as despesas e o reajuste do valor ontrato n.\u00ba 174\/2024, em decorr\u00eancia da atualiza\u00e7\u00e3o tarif\u00e1ria.<\/td><td class=\"column-3\">740,76<\/td>\n<\/tr>\n<tr class=\"row-4\">\n\t<td class=\"column-1\"><a href=\"https:\/\/daf.crp.ufv.br\/smt\/wp-content\/uploads\/Contrato-no-174-2024-ETP-Termo-de-Referencia.pdf\" rel=\"noopener\" target=\"_blank\">ETP e Termo de Refer\u00eancia<\/a><\/td><td class=\"column-2\">Estudo T\u00e9cnico Preliminar e Termo de Refer\u00eancia - Inexigibilidade n.\u00ba 103\/2024.<\/td><td class=\"column-3\"><\/td>\n<\/tr>\n<tr class=\"row-5\">\n\t<td class=\"column-1\"><a href=\"https:\/\/daf.crp.ufv.br\/smt\/wp-content\/uploads\/2024NE001917-18-12-2024.pdf\" rel=\"noopener\" target=\"_blank\">2024NE001917<\/a><\/td><td class=\"column-2\">Nota de Empenho - Exerc\u00edcio 2024.<\/td><td class=\"column-3\">51,77<\/td>\n<\/tr>\n<tr class=\"row-6\">\n\t<td class=\"column-1\"><a href=\"https:\/\/daf.crp.ufv.br\/smt\/wp-content\/uploads\/2025NE000066-14-01-2025.pdf\" rel=\"noopener\" target=\"_blank\">2025NE000066<\/a><\/td><td class=\"column-2\">Nota de Empenho - Exerc\u00edcio 2025.<\/td><td class=\"column-3\">100,00<\/td>\n<\/tr>\n<tr class=\"row-7\">\n\t<td class=\"column-1\"><a href=\"https:\/\/daf.crp.ufv.br\/smt\/wp-content\/uploads\/2026NE000188-19-01-2026.pdf\" target=\"_blank\">2026NE000188<\/a><\/td><td class=\"column-2\">Nota de Empenho - Exerc\u00edcio 2026.<\/td><td class=\"column-3\">100,00<\/td>\n<\/tr>\n<\/tbody>\n<\/table>\n<!-- #tablepress-46 from cache -->\n","protected":false},"excerpt":{"rendered":"","protected":false},"author":6,"featured_media":0,"parent":2935,"menu_order":0,"comment_status":"closed","ping_status":"closed","template":"","meta":{"footnotes":""},"class_list":["post-3473","page","type-page","status-publish","hentry"],"_links":{"self":[{"href":"https:\/\/daf.crp.ufv.br\/smt\/index.php?rest_route=\/wp\/v2\/pages\/3473","targetHints":{"allow":["GET"]}}],"collection":[{"href":"https:\/\/daf.crp.ufv.br\/smt\/index.php?rest_route=\/wp\/v2\/pages"}],"about":[{"href":"https:\/\/daf.crp.ufv.br\/smt\/index.php?rest_route=\/wp\/v2\/types\/page"}],"author":[{"embeddable":true,"href":"https:\/\/daf.crp.ufv.br\/smt\/index.php?rest_route=\/wp\/v2\/users\/6"}],"replies":[{"embeddable":true,"href":"https:\/\/daf.crp.ufv.br\/smt\/index.php?rest_route=%2Fwp%2Fv2%2Fcomments&post=3473"}],"version-history":[{"count":2,"href":"https:\/\/daf.crp.ufv.br\/smt\/index.php?rest_route=\/wp\/v2\/pages\/3473\/revisions"}],"predecessor-version":[{"id":3477,"href":"https:\/\/daf.crp.ufv.br\/smt\/index.php?rest_route=\/wp\/v2\/pages\/3473\/revisions\/3477"}],"up":[{"embeddable":true,"href":"https:\/\/daf.crp.ufv.br\/smt\/index.php?rest_route=\/wp\/v2\/pages\/2935"}],"wp:attachment":[{"href":"https:\/\/daf.crp.ufv.br\/smt\/index.php?rest_route=%2Fwp%2Fv2%2Fmedia&parent=3473"}],"curies":[{"name":"wp","href":"https:\/\/api.w.org\/{rel}","templated":true}]}}