{"id":3250,"date":"2024-07-23T10:43:38","date_gmt":"2024-07-23T13:43:38","guid":{"rendered":"https:\/\/daf.crp.ufv.br\/smt\/?page_id=3250"},"modified":"2025-04-10T09:24:07","modified_gmt":"2025-04-10T12:24:07","slug":"contrato-n-o-068-2024","status":"publish","type":"page","link":"https:\/\/daf.crp.ufv.br\/smt\/?page_id=3250","title":{"rendered":"Contrato n.\u00ba 068\/2024"},"content":{"rendered":"\n<table id=\"tablepress-35\" class=\"tablepress tablepress-id-35\">\n<thead>\n<tr class=\"row-1\">\n\t<th class=\"column-1\"><strong>DOCUMENTO<\/strong><\/th><th class=\"column-2\"><strong>OBJETO<\/strong><\/th><th class=\"column-3\"><strong>VALOR ATUALIZADO EM R$<\/strong><\/th>\n<\/tr>\n<\/thead>\n<tbody class=\"row-striping row-hover\">\n<tr class=\"row-2\">\n\t<td class=\"column-1\"><a href=\"https:\/\/daf.crp.ufv.br\/smt\/wp-content\/uploads\/Contrato-no-068-2024-CEMIG-CCER-CUSD-PNCP-DOU.pdf\" rel=\"noopener\" target=\"_blank\">Contrato n.\u00ba 068\/2024<\/a><\/td><td class=\"column-2\">Fornecimento de energia el\u00e9trica regulada e uso do sistema de distribui\u00e7\u00e3o para atender a UFV - Campus Rio Parana\u00edba.<\/td><td class=\"column-3\">460.000,08<\/td>\n<\/tr>\n<tr class=\"row-3\">\n\t<td class=\"column-1\"><a href=\"https:\/\/daf.crp.ufv.br\/smt\/wp-content\/uploads\/Projeto-Basico-Inexibilidade-no-57-2024-Contrato-no-068-2024.pdf\" rel=\"noopener\" target=\"_blank\">Projeto B\u00e1sico<\/a><\/td><td class=\"column-2\">Projeto B\u00e1sico - Inexigibilidade n.\u00ba 057\/2024.<\/td><td class=\"column-3\"><\/td>\n<\/tr>\n<tr class=\"row-4\">\n\t<td class=\"column-1\"><a href=\"https:\/\/daf.crp.ufv.br\/smt\/wp-content\/uploads\/2024NE000633.pdf\" rel=\"noopener\" target=\"_blank\">2024NE000633<\/a><\/td><td class=\"column-2\">Nota de Empenho - Exerc\u00edcio 2024.<\/td><td class=\"column-3\">460.000,07<\/td>\n<\/tr>\n<tr class=\"row-5\">\n\t<td class=\"column-1\"><a href=\"https:\/\/daf.crp.ufv.br\/smt\/wp-content\/uploads\/2025NE000218-06-03-2025.pdf\" target=\"_blank\">2025NE000218<\/a><\/td><td class=\"column-2\">Nota de Empenho - Exerc\u00edcio 2025.<\/td><td class=\"column-3\">35.000,00<\/td>\n<\/tr>\n<\/tbody>\n<\/table>\n<!-- #tablepress-35 from cache -->\n","protected":false},"excerpt":{"rendered":"","protected":false},"author":6,"featured_media":0,"parent":2935,"menu_order":0,"comment_status":"closed","ping_status":"closed","template":"","meta":{"footnotes":""},"class_list":["post-3250","page","type-page","status-publish","hentry"],"_links":{"self":[{"href":"https:\/\/daf.crp.ufv.br\/smt\/index.php?rest_route=\/wp\/v2\/pages\/3250","targetHints":{"allow":["GET"]}}],"collection":[{"href":"https:\/\/daf.crp.ufv.br\/smt\/index.php?rest_route=\/wp\/v2\/pages"}],"about":[{"href":"https:\/\/daf.crp.ufv.br\/smt\/index.php?rest_route=\/wp\/v2\/types\/page"}],"author":[{"embeddable":true,"href":"https:\/\/daf.crp.ufv.br\/smt\/index.php?rest_route=\/wp\/v2\/users\/6"}],"replies":[{"embeddable":true,"href":"https:\/\/daf.crp.ufv.br\/smt\/index.php?rest_route=%2Fwp%2Fv2%2Fcomments&post=3250"}],"version-history":[{"count":1,"href":"https:\/\/daf.crp.ufv.br\/smt\/index.php?rest_route=\/wp\/v2\/pages\/3250\/revisions"}],"predecessor-version":[{"id":3251,"href":"https:\/\/daf.crp.ufv.br\/smt\/index.php?rest_route=\/wp\/v2\/pages\/3250\/revisions\/3251"}],"up":[{"embeddable":true,"href":"https:\/\/daf.crp.ufv.br\/smt\/index.php?rest_route=\/wp\/v2\/pages\/2935"}],"wp:attachment":[{"href":"https:\/\/daf.crp.ufv.br\/smt\/index.php?rest_route=%2Fwp%2Fv2%2Fmedia&parent=3250"}],"curies":[{"name":"wp","href":"https:\/\/api.w.org\/{rel}","templated":true}]}}