{"id":3150,"date":"2024-02-16T16:17:17","date_gmt":"2024-02-16T19:17:17","guid":{"rendered":"https:\/\/daf.crp.ufv.br\/smt\/?page_id=3150"},"modified":"2025-06-18T08:43:02","modified_gmt":"2025-06-18T11:43:02","slug":"termo-de-permissao-de-uso-de-bem-publico-aspuv","status":"publish","type":"page","link":"https:\/\/daf.crp.ufv.br\/smt\/?page_id=3150","title":{"rendered":"Termo de Permiss\u00e3o de Uso de Bem P\u00fablico &#8211; ASPUV"},"content":{"rendered":"\n<table id=\"tablepress-34\" class=\"tablepress tablepress-id-34\">\n<thead>\n<tr class=\"row-1\">\n\t<th class=\"column-1\"><strong>DOCUMENTO<\/strong><\/th><th class=\"column-2\"><strong>OBJETO<\/strong><\/th><th class=\"column-3\"><strong>VALOR ATUALIZADO EM R$<\/strong><\/th>\n<\/tr>\n<\/thead>\n<tbody class=\"row-striping row-hover\">\n<tr class=\"row-2\">\n\t<td class=\"column-1\"><a href=\"https:\/\/daf.crp.ufv.br\/smt\/wp-content\/uploads\/Termo-de-Permissao-de-Uso-de-Imovel-ASPUV.pdf\" rel=\"noopener\" target=\"_blank\">Termo de Permiss\u00e3o de Uso de Bem P\u00fablico<\/a><\/td><td class=\"column-2\">Permiss\u00e3o de uso de bem p\u00fablico a UFV far\u00e1 de uma sala localizada no andar t\u00e9rreo do Pavilh\u00e3o de Aulas do Campus Rio Parana\u00edba \u00e0 ASPUV.<\/td><td class=\"column-3\">45.000,00<\/td>\n<\/tr>\n<tr class=\"row-3\">\n\t<td class=\"column-1\"><a href=\"https:\/\/daf.crp.ufv.br\/smt\/wp-content\/uploads\/1o-Termo-de-Apostilamento-Termo-Permissao-de-Uso-Bem-Publico-UFV-X-ASPUV-1.pdf\" rel=\"noopener\" target=\"_blank\">1.\u00ba Termo de Apostilamento<\/a><\/td><td class=\"column-2\">Reajuste do valor.<\/td><td class=\"column-3\">43.391,52<\/td>\n<\/tr>\n<tr class=\"row-4\">\n\t<td class=\"column-1\"><a href=\"https:\/\/daf.crp.ufv.br\/smt\/wp-content\/uploads\/2o-Termo-de-Apostilamento-Termo-Permissao-de-Uso-Bem-Publico-UFV-X-ASPUV.pdf\" rel=\"noopener\" target=\"_blank\">2.\u00ba Termo de Apostilamento<\/a><\/td><td class=\"column-2\">Reajuste do valor.<\/td><td class=\"column-3\">43.304,40<\/td>\n<\/tr>\n<tr class=\"row-5\">\n\t<td class=\"column-1\"><a href=\"https:\/\/daf.crp.ufv.br\/smt\/wp-content\/uploads\/3o-Termo-de-Apostilamento-Termo-Permissao-de-Uso-Bem-Publico-UFV-X-ASPUV.pdf\" target=\"_blank\">3.\u00ba Termo de Apostilamento<\/a><\/td><td class=\"column-2\">Reajuste do valor.<\/td><td class=\"column-3\">44.507,76<\/td>\n<\/tr>\n<\/tbody>\n<\/table>\n<!-- #tablepress-34 from cache -->\n","protected":false},"excerpt":{"rendered":"","protected":false},"author":6,"featured_media":0,"parent":0,"menu_order":0,"comment_status":"closed","ping_status":"closed","template":"","meta":{"footnotes":""},"class_list":["post-3150","page","type-page","status-publish","hentry"],"_links":{"self":[{"href":"https:\/\/daf.crp.ufv.br\/smt\/index.php?rest_route=\/wp\/v2\/pages\/3150","targetHints":{"allow":["GET"]}}],"collection":[{"href":"https:\/\/daf.crp.ufv.br\/smt\/index.php?rest_route=\/wp\/v2\/pages"}],"about":[{"href":"https:\/\/daf.crp.ufv.br\/smt\/index.php?rest_route=\/wp\/v2\/types\/page"}],"author":[{"embeddable":true,"href":"https:\/\/daf.crp.ufv.br\/smt\/index.php?rest_route=\/wp\/v2\/users\/6"}],"replies":[{"embeddable":true,"href":"https:\/\/daf.crp.ufv.br\/smt\/index.php?rest_route=%2Fwp%2Fv2%2Fcomments&post=3150"}],"version-history":[{"count":2,"href":"https:\/\/daf.crp.ufv.br\/smt\/index.php?rest_route=\/wp\/v2\/pages\/3150\/revisions"}],"predecessor-version":[{"id":3632,"href":"https:\/\/daf.crp.ufv.br\/smt\/index.php?rest_route=\/wp\/v2\/pages\/3150\/revisions\/3632"}],"wp:attachment":[{"href":"https:\/\/daf.crp.ufv.br\/smt\/index.php?rest_route=%2Fwp%2Fv2%2Fmedia&parent=3150"}],"curies":[{"name":"wp","href":"https:\/\/api.w.org\/{rel}","templated":true}]}}