{"id":2960,"date":"2024-02-14T16:47:55","date_gmt":"2024-02-14T19:47:55","guid":{"rendered":"https:\/\/daf.crp.ufv.br\/smt\/?page_id=2960"},"modified":"2025-04-10T09:24:18","modified_gmt":"2025-04-10T12:24:18","slug":"contrato-n-o-131-2023","status":"publish","type":"page","link":"https:\/\/daf.crp.ufv.br\/smt\/?page_id=2960","title":{"rendered":"Contrato n.\u00ba 131\/2023"},"content":{"rendered":"\n<table id=\"tablepress-25\" class=\"tablepress tablepress-id-25\">\n<thead>\n<tr class=\"row-1\">\n\t<th class=\"column-1\"><strong>DOCUMENTO<\/strong><\/th><th class=\"column-2\"><strong>OBJETO<\/strong><\/th><th class=\"column-3\"><strong>VALOR ATUALIZADO EM R$<\/strong><\/th>\n<\/tr>\n<\/thead>\n<tbody class=\"row-striping row-hover\">\n<tr class=\"row-2\">\n\t<td class=\"column-1\"><a href=\"https:\/\/daf.crp.ufv.br\/smt\/wp-content\/uploads\/Contrato-no-1312023-Jose-Humberto-Alves-de-Lima-Tachado.pdf\" target=\"_blank\">131\/2023<\/a><\/td><td class=\"column-2\">Concess\u00e3o de uso, a t\u00edtulo oneroso, de uma \u00e1rea medindo 111,20 m2, para explora\u00e7\u00e3o e administra\u00e7\u00e3o de seriv\u00e7os do espa\u00e7o: Lanchonete do Pavilh\u00e3o de Aulas (PVA), im\u00f3vel de propriedade da UFV, localizado em seu Campus na cidade de Rio Parana\u00edba\/MG.<\/td><td class=\"column-3\">13.520,00<\/td>\n<\/tr>\n<tr class=\"row-3\">\n\t<td class=\"column-1\"><a href=\"https:\/\/daf.crp.ufv.br\/smt\/wp-content\/uploads\/1o-Termo-Aditivo-Contrato-no-131-2023-JOSE-HUMBERTO-ALVES-DE-LIMA.pdf\" rel=\"noopener\" target=\"_blank\">1.\u00ba Termo Aditivo<\/a><\/td><td class=\"column-2\">Prorroga\u00e7\u00e3o do prazo de vig\u00eancia e reajuste de valor do contrato n.\u00ba 131\/2023.<\/td><td class=\"column-3\">14.096,17<\/td>\n<\/tr>\n<tr class=\"row-4\">\n\t<td class=\"column-1\"><a href=\"https:\/\/daf.crp.ufv.br\/smt\/wp-content\/uploads\/2o-Termo-Aditivo-Contrato-no-131-2023-JOSE-HUMBERTO-ALVES-DE-LIMA.pdf\" target=\"_blank\">2.\u00ba Termo Aditivo<\/a><\/td><td class=\"column-2\">Prorroga\u00e7\u00e3o do prazo de vig\u00eancia e reajuste de valor do contrato n.\u00ba 131\/2023.<\/td><td class=\"column-3\">14.523,93<\/td>\n<\/tr>\n<\/tbody>\n<\/table>\n<!-- #tablepress-25 from cache -->\n","protected":false},"excerpt":{"rendered":"","protected":false},"author":6,"featured_media":0,"parent":2935,"menu_order":0,"comment_status":"closed","ping_status":"closed","template":"","meta":{"footnotes":""},"class_list":["post-2960","page","type-page","status-publish","hentry"],"_links":{"self":[{"href":"https:\/\/daf.crp.ufv.br\/smt\/index.php?rest_route=\/wp\/v2\/pages\/2960","targetHints":{"allow":["GET"]}}],"collection":[{"href":"https:\/\/daf.crp.ufv.br\/smt\/index.php?rest_route=\/wp\/v2\/pages"}],"about":[{"href":"https:\/\/daf.crp.ufv.br\/smt\/index.php?rest_route=\/wp\/v2\/types\/page"}],"author":[{"embeddable":true,"href":"https:\/\/daf.crp.ufv.br\/smt\/index.php?rest_route=\/wp\/v2\/users\/6"}],"replies":[{"embeddable":true,"href":"https:\/\/daf.crp.ufv.br\/smt\/index.php?rest_route=%2Fwp%2Fv2%2Fcomments&post=2960"}],"version-history":[{"count":1,"href":"https:\/\/daf.crp.ufv.br\/smt\/index.php?rest_route=\/wp\/v2\/pages\/2960\/revisions"}],"predecessor-version":[{"id":2961,"href":"https:\/\/daf.crp.ufv.br\/smt\/index.php?rest_route=\/wp\/v2\/pages\/2960\/revisions\/2961"}],"up":[{"embeddable":true,"href":"https:\/\/daf.crp.ufv.br\/smt\/index.php?rest_route=\/wp\/v2\/pages\/2935"}],"wp:attachment":[{"href":"https:\/\/daf.crp.ufv.br\/smt\/index.php?rest_route=%2Fwp%2Fv2%2Fmedia&parent=2960"}],"curies":[{"name":"wp","href":"https:\/\/api.w.org\/{rel}","templated":true}]}}