{"id":2935,"date":"2024-02-14T15:24:48","date_gmt":"2024-02-14T18:24:48","guid":{"rendered":"https:\/\/daf.crp.ufv.br\/smt\/?page_id=2935"},"modified":"2025-04-10T09:20:17","modified_gmt":"2025-04-10T12:20:17","slug":"contratos-continuos-e-por-escopo","status":"publish","type":"page","link":"https:\/\/daf.crp.ufv.br\/smt\/?page_id=2935","title":{"rendered":"Contratos Servi\u00e7os Cont\u00ednuos"},"content":{"rendered":"\n<table id=\"tablepress-22\" class=\"tablepress tablepress-id-22\">\n<thead>\n<tr class=\"row-1\">\n\t<th class=\"column-1\"><strong>PROCESSO SEI<\/strong><\/th><th class=\"column-2\"><strong>CONTRATO<\/strong><\/th><th class=\"column-3\"><strong>VENCIMENTO<\/strong><\/th><th class=\"column-4\"><strong>EMPRESA<\/strong><\/th><th class=\"column-5\"><strong>OBJETO<\/strong><\/th><th class=\"column-6\"><strong>GEST\u00c3O\/FISCALIZA\u00c7\u00c3O<\/strong><\/th><th class=\"column-7\"><strong>GARANTIA<\/strong><\/th>\n<\/tr>\n<\/thead>\n<tbody class=\"row-striping row-hover\">\n<tr class=\"row-2\">\n\t<td class=\"column-1\"><a href=\"https:\/\/sei.ufv.br\/sei\/modulos\/pesquisa\/md_pesq_processo_exibir.php?iI3OtHvPArITY997V09rhsSkbDKbaYSycOHqqF2xsM0IaDkkEyJpus7kCPb435VNEAb16AAxmJKUdrsNWVIqQ3_Y6tCIgbgxl4CFQZJCL3Xol-4dQYNcaRqUXdZCue8G\" target=\"_blank\">23114.920082\/2025-95<\/a><\/td><td class=\"column-2\"><a href=\"https:\/\/daf.crp.ufv.br\/smt\/?page_id=4004\" target=\"_blank\">053\/2026<\/a><\/td><td class=\"column-3\">28\/04\/2027<\/td><td class=\"column-4\">Algar Telecom S\/A<\/td><td class=\"column-5\">Servi\u00e7os continuados de telefonia fixa comutada\/convencional.<\/td><td class=\"column-6\"><a href=\"https:\/\/daf.crp.ufv.br\/smt\/wp-content\/uploads\/Ato-0070-2026-DMT-de-04-05-2026.pdf\" target=\"_blank\">Ato n.\u00ba 0070\/2026\/DMT<\/a><\/td><td class=\"column-7\"><\/td>\n<\/tr>\n<tr class=\"row-3\">\n\t<td class=\"column-1\"><a href=\"https:\/\/sei.ufv.br\/sei\/modulos\/pesquisa\/md_pesq_processo_exibir.php?iI3OtHvPArITY997V09rhsSkbDKbaYSycOHqqF2xsM0IaDkkEyJpus7kCPb435VNEAb16AAxmJKUdrsNWVIqQ5cbwifbJjeiLHi65v4oQSrCbvPV-Lg44gvekiZsR_50\" target=\"_blank\">23114.907152\/2025-10<\/a><\/td><td class=\"column-2\"><a href=\"https:\/\/daf.crp.ufv.br\/smt\/?page_id=3831\" target=\"_blank\">134\/2025<\/a><\/td><td class=\"column-3\">25\/11\/2026<br \/>\n<\/td><td class=\"column-4\">C\u00e9sar Ara\u00fajo Silva<\/td><td class=\"column-5\">Loca\u00e7\u00e3o de im\u00f3vel situado no endere\u00e7o Rua Francisco de Paula Moura Neto, 180, bairro Novo Rio, Munic\u00edpio de Rio Parana\u00edba, objeto da matr\u00edcula n.\u00ba 9755, do 1.\u00ba Of\u00edcio de Registro de Im\u00f3veis da Comarca de Rio Parana\u00edba, para abrigar as instala\u00e7\u00f5es do Laborat\u00f3rio de Aten\u00e7\u00e3o Nutricional do Instituto de Ci\u00eancias Biol\u00f3gicas e da Sa\u00fade da UFV - Campus Rio Parana\u00edba.<\/td><td class=\"column-6\"><a href=\"https:\/\/daf.crp.ufv.br\/smt\/wp-content\/uploads\/Ato-no-01692025-DMT-08-12-2025.pdf\" target=\"_blank\">Ato n.\u00ba 0169\/2025\/DMT<\/a><br \/>\n<a href=\"https:\/\/daf.crp.ufv.br\/smt\/wp-content\/uploads\/Ato-No-0043-2026-de-23-03-2026.pdf\" target=\"_blank\">Ato n.\u00ba 0043\/2026\/DMT<\/a><\/td><td class=\"column-7\"><a href=\"https:\/\/daf.crp.ufv.br\/smt\/?page_id=3859\" target=\"_blank\">Ap\u00f3lice Seguro Contra Inc\u00eandio \u2013 Contrato<\/a><\/td>\n<\/tr>\n<tr class=\"row-4\">\n\t<td class=\"column-1\"><a href=\"https:\/\/sei.ufv.br\/sei\/modulos\/pesquisa\/md_pesq_processo_exibir.php?iI3OtHvPArITY997V09rhsSkbDKbaYSycOHqqF2xsM0IaDkkEyJpus7kCPb435VNEAb16AAxmJKUdrsNWVIqQ9m3m9FkC1dXuG73BylvmABDI7n5cmJHUGdv_WmY5S-i\" target=\"_blank\">23114.910710\/2025-24<\/a><\/td><td class=\"column-2\"><a href=\"https:\/\/daf.crp.ufv.br\/smt\/?page_id=3740\" target=\"_blank\">107\/2025<\/a><\/td><td class=\"column-3\">08\/09\/2026<\/td><td class=\"column-4\">BOMGOSTO Alimenta\u00e7\u00e3o Ltda.<\/td><td class=\"column-5\">Contrata\u00e7\u00e3o de pessoa jur\u00eddica no ramo de servi\u00e7o de alimenta\u00e7\u00e3o coletiva, nas condi\u00e7\u00f5es estabelecidas no termo de refer\u00eancia.<\/td><td class=\"column-6\"><a href=\"https:\/\/daf.crp.ufv.br\/smt\/wp-content\/uploads\/Ato-no-114-2025-Contrato-no-107-2025-BOMGOSTO-Alimentacao-Ltda.pdf\" target=\"_blank\">Ato n.\u00ba 0114\/2025\/DMT<\/a><br \/>\n<a href=\"https:\/\/daf.crp.ufv.br\/smt\/wp-content\/uploads\/Ato-no-115-2025-Contrato-no-107-2025-BOMGOSTO-Alimentacao-Ltda.pdf\" target=\"_blank\">Ato n.\u00ba 0115\/2025\/DMT<\/a><br \/>\n<a href=\"https:\/\/daf.crp.ufv.br\/smt\/wp-content\/uploads\/Ato-no-031-2026-Contrato-no-107-2025-BOMGOSTO-Alimentacao-Ltda.pdf\" target=\"_blank\">Ato n.\u00ba 0031\/2026\/DMT<\/a><br \/>\n<a href=\"https:\/\/daf.crp.ufv.br\/smt\/wp-content\/uploads\/Ato-no-039-2026-Contrato-no-107-2025.pdf\" target=\"_blank\">Ato n.\u00ba 0039\/2026\/DMT<\/a><\/td><td class=\"column-7\"><a href=\"https:\/\/daf.crp.ufv.br\/smt\/?page_id=3760\" target=\"_blank\">Ap\u00f3lices Seguro Garantia<\/a><\/td>\n<\/tr>\n<tr class=\"row-5\">\n\t<td class=\"column-1\"><a href=\"https:\/\/sei.ufv.br\/sei\/modulos\/pesquisa\/md_pesq_processo_exibir.php?iI3OtHvPArITY997V09rhsSkbDKbaYSycOHqqF2xsM0IaDkkEyJpus7kCPb435VNEAb16AAxmJKUdrsNWVIqQ8Lq6aOF0_tffga7XZg-HBAKual1W0P9zsaKiPC2RO-T\" target=\"_blank\">23114.917557\/2023-02<\/a><\/td><td class=\"column-2\"><a href=\"https:\/\/daf.crp.ufv.br\/smt\/?page_id=3668\" target=\"_blank\">073\/2025<\/a><\/td><td class=\"column-3\">07\/10\/2034<\/td><td class=\"column-4\">Companhia de Saneamento de Minas Gerais (COPASA MG)<\/td><td class=\"column-5\">A Outorgante Cedente senhora leg\u00edtima possuidora do im\u00f3vel UFV - Campus Rio Parana\u00edba (UFV-CRP), localizado no km 7, Zona Rural, MG-230, Rodovi\u00e1rio, CEP 38.810-000, Rio Parana\u00edba-MG, ora objeto da presente cess\u00e3o onerosa de uso de \u00e1rea para implanta\u00e7\u00e3o de capta\u00e7\u00e3o de \u00e1gua na barragem Okuyama, conforme planta de Relat\u00f3rio T\u00e9cnico (1263110) do processo SEI n.\u00ba 23114.920888\/2023-11.<\/td><td class=\"column-6\"><a href=\"https:\/\/daf.crp.ufv.br\/smt\/wp-content\/uploads\/Ato-0097-2025-DMT-Equipe-Gestao-e-Fiscalizacao-073-2025.pdf\" target=\"_blank\">Ato n.\u00ba 0097\/2025\/DMT<\/a><br \/>\n<a href=\"https:\/\/daf.crp.ufv.br\/smt\/wp-content\/uploads\/Ato-0098-2025-DMT.pdf\" target=\"_blank\">Ato n.\u00ba 0098\/2025\/DMT<\/a><br \/>\n<a href=\"https:\/\/daf.crp.ufv.br\/smt\/wp-content\/uploads\/Ato-no-0125-2025-de-22-09-2025.pdf\" target=\"_blank\">Ato n.\u00ba 0125\/2025\/DMT<\/a><br \/>\n<a href=\"https:\/\/daf.crp.ufv.br\/smt\/wp-content\/uploads\/Ato-no-01682025-DMT-05-12-2025.pdf\" target=\"_blank\">Ato n.\u00ba 0168\/2025\/DMT<\/a><\/td><td class=\"column-7\"><\/td>\n<\/tr>\n<tr class=\"row-6\">\n\t<td class=\"column-1\"><a href=\"https:\/\/sei.ufv.br\/sei\/modulos\/pesquisa\/md_pesq_processo_exibir.php?iI3OtHvPArITY997V09rhsSkbDKbaYSycOHqqF2xsM0IaDkkEyJpus7kCPb435VNEAb16AAxmJKUdrsNWVIqQyuZNG2VbdrxVgaY-1wq3Xmn4R1bsCmxGOBTlNSHPg9V\" rel=\"noopener\" target=\"_blank\">23114.909935\/2024-57<\/a><\/td><td class=\"column-2\"><a href=\"https:\/\/daf.crp.ufv.br\/smt\/?page_id=3473\" rel=\"noopener\" target=\"_blank\">174\/2024<\/a><\/td><td class=\"column-3\">Indeterminado<\/td><td class=\"column-4\">Companhia de Saneamento de Minas Gerais (COPASA MG)<\/td><td class=\"column-5\">Presta\u00e7\u00e3o de servi\u00e7os para fornecimento de \u00e1gua e coleta de esgosto sanit\u00e1rio para atender o im\u00f3vel locado pela UFV - Campus Rio Parana\u00edba.<\/td><td class=\"column-6\"><a href=\"https:\/\/daf.crp.ufv.br\/smt\/wp-content\/uploads\/Ato-0016-2025-de-24-01-2025.pdf\" target=\"_blank\">Ato n.\u00ba 0016\/2025\/DMT<\/a><br \/>\n<a href=\"https:\/\/daf.crp.ufv.br\/smt\/wp-content\/uploads\/Ato-0040-2025-de-07-03-2025.pdf\" target=\"_blank\">Ato n.\u00ba 0040\/2025\/DMT<\/a><br \/>\n<a href=\"https:\/\/daf.crp.ufv.br\/smt\/wp-content\/uploads\/Ato-no-1702025-DMT-08-12-2025.pdf\" target=\"_blank\">Ato n.\u00ba 0170\/2025\/DMT<\/a><br \/>\n<a href=\"https:\/\/daf.crp.ufv.br\/smt\/wp-content\/uploads\/Ato-no-0044-2026-de-23-03-2026.pdf\" target=\"_blank\">Ato n.\u00ba 0044\/2026\/DMT<\/a><\/td><td class=\"column-7\"><\/td>\n<\/tr>\n<tr class=\"row-7\">\n\t<td class=\"column-1\"><a href=\"https:\/\/sei.ufv.br\/sei\/modulos\/pesquisa\/md_pesq_processo_exibir.php?iI3OtHvPArITY997V09rhsSkbDKbaYSycOHqqF2xsM0IaDkkEyJpus7kCPb435VNEAb16AAxmJKUdrsNWVIqQzEQAUt9ZCVvdoqDiwAjq5rShAMl1mQcyLJUbMwh8y1z\" rel=\"noopener\" target=\"_blank\">23114.909930\/2024-24<\/a><\/td><td class=\"column-2\"><a href=\"https:\/\/daf.crp.ufv.br\/smt\/?page_id=3430\" rel=\"noopener\" target=\"_blank\">173\/2024<\/a><\/td><td class=\"column-3\">Indeterminado<\/td><td class=\"column-4\">Companhia de Saneamento de Minas Gerais (COPASA MG)<\/td><td class=\"column-5\">Presta\u00e7\u00e3o de servi\u00e7os para fornecimento de \u00e1gua e coleta de esgosto sanit\u00e1rio para atender a UFV - Campus Rio Parana\u00edba.<\/td><td class=\"column-6\"><a href=\"https:\/\/daf.crp.ufv.br\/smt\/wp-content\/uploads\/Ato-no-0008-20205-de-20-01-2025-.pdf\" rel=\"noopener\" target=\"_blank\">Ato n.\u00ba 0008\/2025\/DMT<\/a><br \/>\n<a href=\"https:\/\/daf.crp.ufv.br\/smt\/wp-content\/uploads\/Ato-No-0120-2025-de-22-09-2025.pdf\" target=\"_blank\">Ato n.\u00ba 0120\/2025\/DMT<\/a><\/td><td class=\"column-7\"><\/td>\n<\/tr>\n<tr class=\"row-8\">\n\t<td class=\"column-1\"><a href=\"https:\/\/sei.ufv.br\/sei\/modulos\/pesquisa\/md_pesq_processo_exibir.php?iI3OtHvPArITY997V09rhsSkbDKbaYSycOHqqF2xsM0IaDkkEyJpus7kCPb435VNEAb16AAxmJKUdrsNWVIqQ-EbtHPMVkpo1oQXFLQBVzPutIdq-apbmljIlhVzp2Mw\" rel=\"noopener\" target=\"_blank\">23114.901174\/2024-95<\/a><\/td><td class=\"column-2\"><a href=\"https:\/\/daf.crp.ufv.br\/smt\/?page_id=3250\" rel=\"noopener\" target=\"_blank\">0068\/2024<\/a><\/td><td class=\"column-3\">22\/07\/2034<\/td><td class=\"column-4\">Cemig Distribui\u00e7\u00e3o S. A.<\/td><td class=\"column-5\">Fornecimento de energia el\u00e9trica regulada e uso do sistema de distribui\u00e7\u00e3o a unidade UFV - Campus Rio Parana\u00edba.<\/td><td class=\"column-6\"><a href=\"https:\/\/daf.crp.ufv.br\/smt\/wp-content\/uploads\/Ato-no-0084-2024-de-23-07-2024.pdf\" rel=\"noopener\" target=\"_blank\">Ato n.\u00ba 0084\/2024\/DMT<\/a><br \/>\n<a href=\"https:\/\/daf.crp.ufv.br\/smt\/wp-content\/uploads\/Ato-no-0124-2025-de-22-09-2025.pdf\" target=\"_blank\">Ato  n.\u00ba 0124\/2025\/DMT<\/a><\/td><td class=\"column-7\"><\/td>\n<\/tr>\n<tr class=\"row-9\">\n\t<td class=\"column-1\"><a href=\"https:\/\/sei.ufv.br\/sei\/modulos\/pesquisa\/md_pesq_processo_exibir.php?iI3OtHvPArITY997V09rhsSkbDKbaYSycOHqqF2xsM0IaDkkEyJpus7kCPb435VNEAb16AAxmJKUdrsNWVIqQz8mHbqdEAsBanVxiRPh4eLqLzzWQQG0h9OC8tGuMrOW\" rel=\"noopener\" target=\"_blank\">23114.903971\/2023-26<\/a><\/td><td class=\"column-2\"><a href=\"https:\/\/daf.crp.ufv.br\/smt\/?page_id=2960&amp;preview=true\" rel=\"noopener\" target=\"_blank\">131\/2023<\/a><\/td><td class=\"column-3\">17\/10\/2025<\/td><td class=\"column-4\">Jos\u00e9 Humberto Alves de Lima<\/td><td class=\"column-5\">Concess\u00e3o de uso, a t\u00edtulo oneroso.<\/td><td class=\"column-6\"><a href=\"https:\/\/daf.crp.ufv.br\/smt\/wp-content\/uploads\/Ato-no-01472023-26-09-2023-Contrato-no-1312023.pdf\" rel=\"noopener\" target=\"_blank\">Ato n.\u00ba 0147\/2023\/DMT<\/a><br \/>\n<a href=\"https:\/\/daf.crp.ufv.br\/smt\/wp-content\/uploads\/Ato-no-032-2026-Contrato-no-131-2023-Jose-Humberto-Alves-de-Lima.pdf\" target=\"_blank\">Ato n.\u00ba 0032\/2026\/DMT<\/a><br \/>\n<a href=\"https:\/\/daf.crp.ufv.br\/smt\/wp-content\/uploads\/Atono-040-2026-Contrato-no-131-2023.pdf\" target=\"_blank\">Ato n.\u00ba 0040\/2026\/DMT<\/a><\/td><td class=\"column-7\"><\/td>\n<\/tr>\n<tr class=\"row-10\">\n\t<td class=\"column-1\"><a href=\"https:\/\/sei.ufv.br\/sei\/modulos\/pesquisa\/md_pesq_processo_exibir.php?wt7h6hFBI_9S3DJjGLl0dpQiiSEQL4RcICP821UP_Zu3te9Mz8pMgdSFPXZPRHsDc8jMQ17erGYJfOcrc-boq7oALtpLcWYHSXIXG11WG-1W8LI6EQP6JHzSrlr9Q1pD\" rel=\"noopener\" target=\"_blank\">23114.901183\/2021-33<\/a><\/td><td class=\"column-2\"><a href=\"https:\/\/daf.crp.ufv.br\/smt\/?page_id=2965\" rel=\"noopener\" target=\"_blank\">051\/2021<\/a><\/td><td class=\"column-3\">28\/04\/2026<\/td><td class=\"column-4\">Algar Telecom S\/A<\/td><td class=\"column-5\">Servi\u00e7os continuados de telefonia fixa comutada\/convencional.<\/td><td class=\"column-6\"><a href=\"https:\/\/daf.crp.ufv.br\/smt\/wp-content\/uploads\/ATO-No-00512021DMT-04-05-2021.pdf\" rel=\"noopener\" target=\"_blank\">Ato n.\u00ba 0051\/2021\/DMT<\/a><br \/>\n<a href=\"https:\/\/daf.crp.ufv.br\/smt\/wp-content\/uploads\/ATO-No-01772021DTM-21-12-2021.pdf\" rel=\"noopener\" target=\"_blank\">Ato n.\u00ba 0177\/2021\/DMT<\/a><\/td><td class=\"column-7\"><\/td>\n<\/tr>\n<tr class=\"row-11\">\n\t<td class=\"column-1\"><a href=\"https:\/\/sei.ufv.br\/sei\/modulos\/pesquisa\/md_pesq_processo_exibir.php?wt7h6hFBI_9S3DJjGLl0dpQiiSEQL4RcICP821UP_Zu3te9Mz8pMgdSFPXZPRHsDc8jMQ17erGYJfOcrc-boqwCADS1Kdds56nvQDa1RYlHHQfOJpkh-eSGztpbiFxKM\" rel=\"noopener\" target=\"_blank\">23114.901186\/2021-77<\/a><\/td><td class=\"column-2\"><a href=\"https:\/\/daf.crp.ufv.br\/smt\/?page_id=2983\" rel=\"noopener\" target=\"_blank\">050\/2021<\/a><\/td><td class=\"column-3\">28\/04\/2026<\/td><td class=\"column-4\">Vogel Solu\u00e7\u00f5es em Telecomunica\u00e7\u00f5es e Inform\u00e1tica S\/A<\/td><td class=\"column-5\">Servi\u00e7o de interconex\u00e3o de redes de dados do tipo Clear Channel ou Lan2Lan entre as unidades administrativas BBT e CRP-I da UFV\/CRP.<\/td><td class=\"column-6\"><a href=\"https:\/\/daf.crp.ufv.br\/smt\/wp-content\/uploads\/ATO-No-00502021DMT-04052021.pdf\" rel=\"noopener\" target=\"_blank\">Ato n.\u00ba 0050\/2021\/DMT<\/a><br \/>\n<a href=\"https:\/\/daf.crp.ufv.br\/smt\/wp-content\/uploads\/ATO-No-01782021DMT-21122021.pdf\" rel=\"noopener\" target=\"_blank\">Ato n.\u00ba 0178\/2021\/DMT<\/a><\/td><td class=\"column-7\"><\/td>\n<\/tr>\n<tr class=\"row-12\">\n\t<td class=\"column-1\"><a href=\"https:\/\/sei.ufv.br\/sei\/controlador.php?acao=procedimento_trabalhar&amp;id_procedimento=560419\" rel=\"noopener\" target=\"_blank\">23114.912794\/2021-15<\/a><\/td><td class=\"column-2\"><a href=\"https:\/\/daf.crp.ufv.br\/smt\/?page_id=3150\" rel=\"noopener\" target=\"_blank\">Termo Permiss\u00e3o de Uso<\/a><\/td><td class=\"column-3\">07\/06\/2027<\/td><td class=\"column-4\">Associa\u00e7\u00e3o de Docentes da UFV - ASPUV<\/td><td class=\"column-5\">Termo de Permiss\u00e3o de Uso de Bem P\u00fablico.<\/td><td class=\"column-6\"><a href=\"https:\/\/daf.crp.ufv.br\/smt\/wp-content\/uploads\/ATO-No-00702022DMT-30062022-Permissao-de-Uso-ASPUV.pdf\" rel=\"noopener\" target=\"_blank\">Ato n.\u00ba 0070\/2022\/DMT<\/a><br \/>\n<a href=\"https:\/\/daf.crp.ufv.br\/smt\/wp-content\/uploads\/Ato-no-00322025-DMT-18-02-2025.pdf\" rel=\"noopener\" target=\"_blank\">Ato n.\u00ba 0032\/2025\/DMT<\/a><br \/>\n<a href=\"https:\/\/daf.crp.ufv.br\/smt\/wp-content\/uploads\/Ato-no-0037-2025-DMT-21-02-2025.pdf\" rel=\"noopener\" target=\"_blank\">Ato n.\u00ba 0037\/2025\/DMT<\/a><\/td><td class=\"column-7\"><\/td>\n<\/tr>\n<\/tbody>\n<tfoot>\n<tr class=\"row-13\">\n\t<td class=\"column-1\"><\/td><td class=\"column-2\"><\/td><td class=\"column-3\"><\/td><td class=\"column-4\"><\/td><td class=\"column-5\"><\/td><td class=\"column-6\"><\/td><td class=\"column-7\"><\/td>\n<\/tr>\n<\/tfoot>\n<\/table>\n<!-- #tablepress-22 from cache -->\n","protected":false},"excerpt":{"rendered":"","protected":false},"author":6,"featured_media":0,"parent":1135,"menu_order":0,"comment_status":"closed","ping_status":"closed","template":"","meta":{"footnotes":""},"class_list":["post-2935","page","type-page","status-publish","hentry"],"_links":{"self":[{"href":"https:\/\/daf.crp.ufv.br\/smt\/index.php?rest_route=\/wp\/v2\/pages\/2935","targetHints":{"allow":["GET"]}}],"collection":[{"href":"https:\/\/daf.crp.ufv.br\/smt\/index.php?rest_route=\/wp\/v2\/pages"}],"about":[{"href":"https:\/\/daf.crp.ufv.br\/smt\/index.php?rest_route=\/wp\/v2\/types\/page"}],"author":[{"embeddable":true,"href":"https:\/\/daf.crp.ufv.br\/smt\/index.php?rest_route=\/wp\/v2\/users\/6"}],"replies":[{"embeddable":true,"href":"https:\/\/daf.crp.ufv.br\/smt\/index.php?rest_route=%2Fwp%2Fv2%2Fcomments&post=2935"}],"version-history":[{"count":3,"href":"https:\/\/daf.crp.ufv.br\/smt\/index.php?rest_route=\/wp\/v2\/pages\/2935\/revisions"}],"predecessor-version":[{"id":3158,"href":"https:\/\/daf.crp.ufv.br\/smt\/index.php?rest_route=\/wp\/v2\/pages\/2935\/revisions\/3158"}],"up":[{"embeddable":true,"href":"https:\/\/daf.crp.ufv.br\/smt\/index.php?rest_route=\/wp\/v2\/pages\/1135"}],"wp:attachment":[{"href":"https:\/\/daf.crp.ufv.br\/smt\/index.php?rest_route=%2Fwp%2Fv2%2Fmedia&parent=2935"}],"curies":[{"name":"wp","href":"https:\/\/api.w.org\/{rel}","templated":true}]}}