{"id":238,"date":"2013-08-12T23:17:10","date_gmt":"2013-08-12T23:17:10","guid":{"rendered":"https:\/\/daf.crp.ufv.br\/?page_id=238"},"modified":"2014-04-10T17:33:09","modified_gmt":"2014-04-10T20:33:09","slug":"menu4","status":"publish","type":"page","link":"https:\/\/daf.crp.ufv.br\/smt\/?page_id=238","title":{"rendered":"Legisla\u00e7\u00e3o e Orienta\u00e7\u00f5es"},"content":{"rendered":"<p><a href=\"https:\/\/daf.crp.ufv.br\/smt\/wp-content\/uploads\/legislacao-1.jpeg\"><img loading=\"lazy\" decoding=\"async\" class=\"alignnone size-medium wp-image-667\" alt=\"legislacao 1\" src=\"https:\/\/daf.crp.ufv.br\/smt\/wp-content\/uploads\/legislacao-1-300x125.jpeg\" width=\"300\" height=\"125\" srcset=\"https:\/\/daf.crp.ufv.br\/smt\/wp-content\/uploads\/legislacao-1-300x125.jpeg 300w, https:\/\/daf.crp.ufv.br\/smt\/wp-content\/uploads\/legislacao-1-500x208.jpeg 500w, https:\/\/daf.crp.ufv.br\/smt\/wp-content\/uploads\/legislacao-1.jpeg 780w\" sizes=\"auto, (max-width: 300px) 100vw, 300px\" \/><\/a><\/p>\n<p><strong>LEGISLA\u00c7\u00c3O<\/strong><\/p>\n<p><strong><a title=\"Leis\" href=\"http:\/\/www.comprasnet.gov.br\/legislacao\/legislacao.asp?tipo=5\" target=\"_blank\">Leis<\/a><\/strong><\/p>\n<p><strong><a title=\"Medidas Provis\u00f3rias\" href=\"http:\/\/www.comprasnet.gov.br\/legislacao\/legislacao.asp?tipo=6\" target=\"_blank\">Medidas Provis\u00f3rias<\/a><\/strong><\/p>\n<p><strong><a title=\"Decretos\" href=\"http:\/\/www.comprasnet.gov.br\/legislacao\/legislacao.asp?tipo=7\" target=\"_blank\">Decretos<\/a><\/strong><\/p>\n<p><strong><a title=\"Instru\u00e7\u00f5es Normativas\" href=\"http:\/\/www.comprasnet.gov.br\/legislacao\/legislacao.asp?tipo=8\" target=\"_blank\">Instru\u00e7\u00f5es Normativas<\/a><\/strong><\/p>\n<p><strong><a title=\"Portarias\" href=\"http:\/\/www.comprasnet.gov.br\/legislacao\/legislacao.asp?tipo=9\" target=\"_blank\">Portarias<\/a><\/strong><\/p>\n<p><strong><a title=\"Resolu\u00e7\u00f5es\" href=\"http:\/\/www.comprasnet.gov.br\/legislacao\/legislacao.asp?tipo=10\" target=\"_blank\">Resolu\u00e7\u00f5es<\/a><\/strong><\/p>\n<p>&nbsp;<\/p>\n<p><b>ORIENTA\u00c7\u00d5ES<\/b><\/p>\n<p><strong><a title=\"Licita\u00e7\u00f5es e Contratos - TCU\" href=\"https:\/\/daf.crp.ufv.br\/smt\/wp-content\/uploads\/Licita\u00e7\u00f5es-e-Contratos-Orienta\u00e7\u00f5es-e-Jurisprud\u00eancias-do-TCU-4.Edi\u00e7\u00e3o.pdf\" target=\"_blank\">Licita\u00e7\u00f5es e Contratos &#8211; Orienta\u00e7\u00f5es e Jurisprud\u00eancias do TCU &#8211; 4. Edi\u00e7\u00e3o (Revista, atualizada e ampliada)<\/a><\/strong><\/p>\n<p><a title=\"Manual de Terceiriza\u00e7\u00e3o e Cadernos T\u00e9cnicos\" href=\"http:\/\/comprasnet.gov.br\/publicacoes\/manual_terceirizacao.stm\" target=\"_blank\"><b>Manual de Terceiriza\u00e7\u00e3o e Cadernos T\u00e9cnicos<\/b><\/a><\/p>\n<p><b><\/b><a title=\"Cadastramento no Sicaf\" href=\"https:\/\/daf.crp.ufv.br\/smt\/?page_id=629\" target=\"_blank\"><b>Sicaf<\/b><\/a><\/p>\n","protected":false},"excerpt":{"rendered":"<p>LEGISLA\u00c7\u00c3O Leis Medidas Provis\u00f3rias Decretos Instru\u00e7\u00f5es Normativas Portarias Resolu\u00e7\u00f5es &nbsp; ORIENTA\u00c7\u00d5ES Licita\u00e7\u00f5es e Contratos &#8211; Orienta\u00e7\u00f5es e Jurisprud\u00eancias do TCU &#8211; 4. Edi\u00e7\u00e3o (Revista, atualizada e ampliada) Manual de Terceiriza\u00e7\u00e3o e Cadernos T\u00e9cnicos Sicaf<\/p>\n","protected":false},"author":1,"featured_media":0,"parent":0,"menu_order":0,"comment_status":"closed","ping_status":"closed","template":"internas-page.php","meta":{"footnotes":""},"class_list":["post-238","page","type-page","status-publish","hentry"],"_links":{"self":[{"href":"https:\/\/daf.crp.ufv.br\/smt\/index.php?rest_route=\/wp\/v2\/pages\/238","targetHints":{"allow":["GET"]}}],"collection":[{"href":"https:\/\/daf.crp.ufv.br\/smt\/index.php?rest_route=\/wp\/v2\/pages"}],"about":[{"href":"https:\/\/daf.crp.ufv.br\/smt\/index.php?rest_route=\/wp\/v2\/types\/page"}],"author":[{"embeddable":true,"href":"https:\/\/daf.crp.ufv.br\/smt\/index.php?rest_route=\/wp\/v2\/users\/1"}],"replies":[{"embeddable":true,"href":"https:\/\/daf.crp.ufv.br\/smt\/index.php?rest_route=%2Fwp%2Fv2%2Fcomments&post=238"}],"version-history":[{"count":63,"href":"https:\/\/daf.crp.ufv.br\/smt\/index.php?rest_route=\/wp\/v2\/pages\/238\/revisions"}],"predecessor-version":[{"id":713,"href":"https:\/\/daf.crp.ufv.br\/smt\/index.php?rest_route=\/wp\/v2\/pages\/238\/revisions\/713"}],"wp:attachment":[{"href":"https:\/\/daf.crp.ufv.br\/smt\/index.php?rest_route=%2Fwp%2Fv2%2Fmedia&parent=238"}],"curies":[{"name":"wp","href":"https:\/\/api.w.org\/{rel}","templated":true}]}}