{"id":151,"date":"2013-08-10T14:20:23","date_gmt":"2013-08-10T14:20:23","guid":{"rendered":"https:\/\/daf.crp.ufv.br\/?page_id=151"},"modified":"2014-03-07T16:10:28","modified_gmt":"2014-03-07T19:10:28","slug":"menu6","status":"publish","type":"page","link":"https:\/\/daf.crp.ufv.br\/smt\/?page_id=151","title":{"rendered":"Links"},"content":{"rendered":"<p><strong><a title=\"Advocacia Geral da Uni\u00e3o\" href=\"http:\/\/www.agu.gov.br\/sistemas\/site\/templatesitehome.aspx\" target=\"_blank\">Advocacia Geral da Uni\u00e3o<\/a><\/strong><\/p>\n<p><strong><a title=\"Caixa Econ\u00f4mica Federal\" href=\"http:\/\/www.caixa.gov.br\/\" target=\"_blank\">Caixa Econ\u00f4mica Federal<\/a><\/strong><\/p>\n<p><strong><a title=\"Certid\u00f5es Negativas\" href=\"http:\/\/www.comprasnet.gov.br\/livre\/fornecedores\/certidoes.htm\" target=\"_blank\">Certid\u00f5es Negativas<\/a><\/strong><\/p>\n<p><strong><a title=\"CGU\" href=\"http:\/\/www.cgu.gov.br\/\" target=\"_blank\">Controladoria Geral da Uni\u00e3o<\/a><\/strong><\/p>\n<p><strong><a title=\"MEC\" href=\"http:\/\/www.mec.gov.br\/\" target=\"_blank\">Minist\u00e9rio da Educa\u00e7\u00e3o<\/a><\/strong><\/p>\n<p><strong><a title=\"MPAS\" href=\"http:\/\/www.mpas.gov.br\/\" target=\"_blank\">Minist\u00e9rio da Previd\u00eancia Social<\/a><\/strong><\/p>\n<p><strong><a title=\"Planejamento\" href=\"http:\/\/www.planejamento.gov.br\/\" target=\"_blank\">Minist\u00e9rio do Planejamento<\/a><\/strong><\/p>\n<p><strong><a title=\"Planalto\" href=\"http:\/\/www2.planalto.gov.br\/\" target=\"_blank\">Presid\u00eancia da Rep\u00fablica Federativa do Brasil \u2013 Planalto<\/a><\/strong><\/p>\n<p><strong><a title=\"IN\" href=\"http:\/\/in.gov.br\/\" target=\"_blank\">Portal da Impressa Nacional<\/a><\/strong><\/p>\n<p><strong><a title=\"Transpar\u00eancia\" href=\"http:\/\/www.portaltransparencia.gov.br\/\" target=\"_blank\">Portal Transpar\u00eancia<\/a><\/strong><\/p>\n<p><strong><a title=\"Receita Federal\" href=\"http:\/\/www.receita.fazenda.gov.br\/\" target=\"_blank\">Receita Federal<\/a><\/strong><\/p>\n<p><strong><a title=\"Fazenda MG\" href=\"http:\/\/www.fazenda.mg.gov.br\/\" target=\"_blank\">Secretaria de Estado da Fazenda de Minas Gerais<\/a><\/strong><\/p>\n<p><strong><a title=\"TCU\" href=\"http:\/\/portal2.tcu.gov.br\/TCU\" target=\"_blank\">Tribunal de Contas da Uni\u00e3o<\/a><\/strong><\/p>\n<p><strong><a title=\"TST\" href=\"http:\/\/www.tst.jus.br\/\" target=\"_blank\">Tribunal Superior da Trabalho<\/a><\/strong><\/p>\n","protected":false},"excerpt":{"rendered":"<p>Advocacia Geral da Uni\u00e3o Caixa Econ\u00f4mica Federal Certid\u00f5es Negativas Controladoria Geral da Uni\u00e3o Minist\u00e9rio da Educa\u00e7\u00e3o Minist\u00e9rio da Previd\u00eancia Social Minist\u00e9rio do Planejamento Presid\u00eancia da Rep\u00fablica Federativa do Brasil \u2013 Planalto Portal da Impressa Nacional Portal Transpar\u00eancia Receita Federal Secretaria de Estado da Fazenda de Minas Gerais Tribunal de Contas da Uni\u00e3o Tribunal Superior da [&hellip;]<\/p>\n","protected":false},"author":1,"featured_media":0,"parent":0,"menu_order":0,"comment_status":"closed","ping_status":"closed","template":"","meta":{"footnotes":""},"class_list":["post-151","page","type-page","status-publish","hentry"],"_links":{"self":[{"href":"https:\/\/daf.crp.ufv.br\/smt\/index.php?rest_route=\/wp\/v2\/pages\/151","targetHints":{"allow":["GET"]}}],"collection":[{"href":"https:\/\/daf.crp.ufv.br\/smt\/index.php?rest_route=\/wp\/v2\/pages"}],"about":[{"href":"https:\/\/daf.crp.ufv.br\/smt\/index.php?rest_route=\/wp\/v2\/types\/page"}],"author":[{"embeddable":true,"href":"https:\/\/daf.crp.ufv.br\/smt\/index.php?rest_route=\/wp\/v2\/users\/1"}],"replies":[{"embeddable":true,"href":"https:\/\/daf.crp.ufv.br\/smt\/index.php?rest_route=%2Fwp%2Fv2%2Fcomments&post=151"}],"version-history":[{"count":14,"href":"https:\/\/daf.crp.ufv.br\/smt\/index.php?rest_route=\/wp\/v2\/pages\/151\/revisions"}],"predecessor-version":[{"id":650,"href":"https:\/\/daf.crp.ufv.br\/smt\/index.php?rest_route=\/wp\/v2\/pages\/151\/revisions\/650"}],"wp:attachment":[{"href":"https:\/\/daf.crp.ufv.br\/smt\/index.php?rest_route=%2Fwp%2Fv2%2Fmedia&parent=151"}],"curies":[{"name":"wp","href":"https:\/\/api.w.org\/{rel}","templated":true}]}}