{"id":1339,"date":"2018-02-06T08:41:54","date_gmt":"2018-02-06T11:41:54","guid":{"rendered":"https:\/\/daf.crp.ufv.br\/smt\/?page_id=1339"},"modified":"2026-04-14T16:08:12","modified_gmt":"2026-04-14T19:08:12","slug":"agenda-de-pregoes","status":"publish","type":"page","link":"https:\/\/daf.crp.ufv.br\/smt\/?page_id=1339","title":{"rendered":"Agenda e Download de Editais"},"content":{"rendered":"<p>UASG 154051 &#8211; SMT &#8211; Campus Rio Parana\u00edba. Qualquer d\u00favida entre em contato pelos telefones 34 3855 9312\/9371<\/p>\n<h4>2026<\/h4>\n\n<table id=\"tablepress-55\" class=\"tablepress tablepress-id-55\">\n<thead>\n<tr class=\"row-1\">\n\t<th class=\"column-1\">PROCESSO<\/th><th class=\"column-2\">EDITAL<\/th><th class=\"column-3\">OBJETO<\/th><th class=\"column-4\">DATA\/HORA<\/th><th class=\"column-5\">STATUS<\/th><th class=\"column-6\">RESULTADO<\/th>\n<\/tr>\n<\/thead>\n<tbody class=\"row-striping row-hover\">\n<tr class=\"row-2\">\n\t<td class=\"column-1\"><a href=\"https:\/\/sei.ufv.br\/sei\/modulos\/pesquisa\/md_pesq_processo_exibir.php?iI3OtHvPArITY997V09rhsSkbDKbaYSycOHqqF2xsM0IaDkkEyJpus7kCPb435VNEAb16AAxmJKUdrsNWVIqQxRvT6xcx4XJ4TiaTCjF_IDVi4b7YIpow_q3Pv02nnNM\">23114.904373\/2026-17<\/a><\/td><td class=\"column-2\"><a href=\"https:\/\/comprasnet.gov.br\/ConsultaLicitacoes\/download\/download_editais_detalhe.asp?coduasg=154051&amp;modprp=5&amp;numprp=900162026\">Preg\u00e3o tradicional 90016\/2026<\/a><\/td><td class=\"column-3\">Contrata\u00e7\u00e3o de solu\u00e7\u00e3o de tecnologia da informa\u00e7\u00e3o e comunica\u00e7\u00e3o de empresa especializada para a presta\u00e7\u00e3o de servi\u00e7os internet banda larga para as unidades CRP-I, Ambulat\u00f3rio de Atendimento Nutricional e Servi\u00e7o de Almoxarifado e Patrim\u00f4nio, ambos da Universidade Federal de Vi\u00e7osa \u2013 Campus Rio Parana\u00edba.<br \/>\n<br \/>\n<\/td><td class=\"column-4\">12\/05\/2026 \u00e0s 9h<\/td><td class=\"column-5\">ABERTO<\/td><td class=\"column-6\"><\/td>\n<\/tr>\n<tr class=\"row-3\">\n\t<td class=\"column-1\"><a href=\"https:\/\/sei.ufv.br\/sei\/modulos\/pesquisa\/md_pesq_processo_exibir.php?iI3OtHvPArITY997V09rhsSkbDKbaYSycOHqqF2xsM0IaDkkEyJpus7kCPb435VNEAb16AAxmJKUdrsNWVIqQ8fyVWpFyDeLNZJ3y7i4xkhGG0Fyr05HQ36hzCBKX6l0\">23114.920022\/2025-72<\/a><\/td><td class=\"column-2\"><a href=\"https:\/\/comprasnet.gov.br\/ConsultaLicitacoes\/download\/download_editais_detalhe.asp?coduasg=154051&amp;modprp=5&amp;numprp=900042026\">Preg\u00e3o tradicional 90004\/2026<\/a><\/td><td class=\"column-3\">Contrata\u00e7\u00e3o de empresa especializada para presta\u00e7\u00e3o de servi\u00e7os continuados, sem dedica\u00e7\u00e3o de m\u00e3o de obra exclusiva, de intercomunica\u00e7\u00e3o de redes de dados do tipo Clear Channel ou Lan2Lan entre as unidades administrativas BBT e CRP-I, bem como a presta\u00e7\u00e3o de servi\u00e7os continuados de internet banda larga para o Ambulat\u00f3rio de Atendimento Nutricional, ambos da Universidade Federal de Vi\u00e7osa - Campus Rio Parana\u00edba.<\/td><td class=\"column-4\">30\/03\/2026 \u00e0s 9h<\/td><td class=\"column-5\">Fracassado<\/td><td class=\"column-6\"><a href=\"https:\/\/sei.ufv.br\/sei\/modulos\/pesquisa\/md_pesq_documento_consulta_externa.php?9LibXMqGnN7gSpLFOOgUQFziRouBJ5VnVL5b7-UrE5QVgoByZpG1Bm-TYNzx7WmRnGm_ZKGN303mCOEAMoY8xekZkULSKRKFQezSjqdKryecF0m5aqSFo8hgOOTd1Xdo\">Termo de Homologa\u00e7\u00e3o 90004\/2026<\/a><\/td>\n<\/tr>\n<tr class=\"row-4\">\n\t<td class=\"column-1\"><a href=\"https:\/\/sei.ufv.br\/sei\/modulos\/pesquisa\/md_pesq_processo_exibir.php?iI3OtHvPArITY997V09rhsSkbDKbaYSycOHqqF2xsM0IaDkkEyJpus7kCPb435VNEAb16AAxmJKUdrsNWVIqQ3_Y6tCIgbgxl4CFQZJCL3Xol-4dQYNcaRqUXdZCue8G\">23114.920082\/2025-95<\/a><\/td><td class=\"column-2\"><a href=\"https:\/\/comprasnet.gov.br\/ConsultaLicitacoes\/download\/download_editais_detalhe.asp?coduasg=154051&amp;modprp=5&amp;numprp=900062026\">Preg\u00e3o tradicional 90006\/2026<\/a><\/td><td class=\"column-3\">Contrata\u00e7\u00e3o empresa especializada para presta\u00e7\u00e3o de servi\u00e7os continuados de telefonia fixa comutada\/convencional na Universidade Federal de Vi\u00e7osa \u2013 Campus Rio Parana\u00edba <br \/>\n<br \/>\n<\/td><td class=\"column-4\">30\/03\/2026 \u00e0s 10h<\/td><td class=\"column-5\">Homologado<\/td><td class=\"column-6\"><a href=\"https:\/\/sei.ufv.br\/sei\/modulos\/pesquisa\/md_pesq_documento_consulta_externa.php?9LibXMqGnN7gSpLFOOgUQFziRouBJ5VnVL5b7-UrE5QWjoJQ5thiBTOiEiLTAGIhFb5uRlS5_WpkQgGGS-l_4ibg28OW0FhOPM3nTExtg3gRlo3sFl-Qi9g62u_5v42Q\">Termo de Homologa\u00e7\u00e3o 90006\/2026<\/a><\/td>\n<\/tr>\n<tr class=\"row-5\">\n\t<td class=\"column-1\"><\/td><td class=\"column-2\"><\/td><td class=\"column-3\"><\/td><td class=\"column-4\"><\/td><td class=\"column-5\"><\/td><td class=\"column-6\"><\/td>\n<\/tr>\n<tr class=\"row-6\">\n\t<td class=\"column-1\"><\/td><td class=\"column-2\"><\/td><td class=\"column-3\"><\/td><td class=\"column-4\"><\/td><td class=\"column-5\"><\/td><td class=\"column-6\"><\/td>\n<\/tr>\n<\/tbody>\n<\/table>\n<!-- #tablepress-55 from cache -->\n<p>EDITAIS ANOS ANTERIORES<\/p>\n<p><a href=\"https:\/\/daf.crp.ufv.br\/smt\/?page_id=3938\">2025<\/a>\u00a0 <a href=\"https:\/\/daf.crp.ufv.br\/smt\/?page_id=3535\" target=\"_blank\" rel=\"noopener\">2024<\/a> <a href=\"https:\/\/daf.crp.ufv.br\/smt\/?page_id=3526\" target=\"_blank\" rel=\"noopener\">2023<\/a> <a href=\"https:\/\/daf.crp.ufv.br\/smt\/?page_id=3529\" target=\"_blank\" rel=\"noopener\">2022<\/a> <a href=\"https:\/\/daf.crp.ufv.br\/smt\/?page_id=3531\" target=\"_blank\" rel=\"noopener\">2021<\/a><\/p>\n<p>&nbsp;<\/p>\n<p>&nbsp;<\/p>\n<p>&nbsp;<\/p>\n<p>&nbsp;<\/p>\n<p>&nbsp;<\/p>\n<p>&nbsp;<\/p>\n<p>&nbsp;<\/p>\n<p>&nbsp;<\/p>\n<p>&nbsp;<\/p>\n<p>&nbsp;<\/p>\n<p>__________________________________________________________________________________________________________________________________<\/p>\n","protected":false},"excerpt":{"rendered":"<p>UASG 154051 &#8211; SMT &#8211; Campus Rio Parana\u00edba. Qualquer d\u00favida entre em contato pelos telefones 34 3855 9312\/9371 2026 EDITAIS ANOS ANTERIORES 2025\u00a0 2024 2023 2022 2021 &nbsp; &nbsp; &nbsp; &nbsp; &nbsp; &nbsp; &nbsp; &nbsp; &nbsp; &nbsp; __________________________________________________________________________________________________________________________________<\/p>\n","protected":false},"author":4,"featured_media":0,"parent":0,"menu_order":1,"comment_status":"closed","ping_status":"closed","template":"","meta":{"footnotes":""},"class_list":["post-1339","page","type-page","status-publish","hentry"],"_links":{"self":[{"href":"https:\/\/daf.crp.ufv.br\/smt\/index.php?rest_route=\/wp\/v2\/pages\/1339","targetHints":{"allow":["GET"]}}],"collection":[{"href":"https:\/\/daf.crp.ufv.br\/smt\/index.php?rest_route=\/wp\/v2\/pages"}],"about":[{"href":"https:\/\/daf.crp.ufv.br\/smt\/index.php?rest_route=\/wp\/v2\/types\/page"}],"author":[{"embeddable":true,"href":"https:\/\/daf.crp.ufv.br\/smt\/index.php?rest_route=\/wp\/v2\/users\/4"}],"replies":[{"embeddable":true,"href":"https:\/\/daf.crp.ufv.br\/smt\/index.php?rest_route=%2Fwp%2Fv2%2Fcomments&post=1339"}],"version-history":[{"count":230,"href":"https:\/\/daf.crp.ufv.br\/smt\/index.php?rest_route=\/wp\/v2\/pages\/1339\/revisions"}],"predecessor-version":[{"id":3983,"href":"https:\/\/daf.crp.ufv.br\/smt\/index.php?rest_route=\/wp\/v2\/pages\/1339\/revisions\/3983"}],"wp:attachment":[{"href":"https:\/\/daf.crp.ufv.br\/smt\/index.php?rest_route=%2Fwp%2Fv2%2Fmedia&parent=1339"}],"curies":[{"name":"wp","href":"https:\/\/api.w.org\/{rel}","templated":true}]}}