{"id":1135,"date":"2017-11-06T09:03:17","date_gmt":"2017-11-06T12:03:17","guid":{"rendered":"https:\/\/daf.crp.ufv.br\/smt\/?page_id=1135"},"modified":"2025-04-25T12:39:23","modified_gmt":"2025-04-25T15:39:23","slug":"contratos","status":"publish","type":"page","link":"https:\/\/daf.crp.ufv.br\/smt\/?page_id=1135","title":{"rendered":"Contratos"},"content":{"rendered":"<h4 style=\"text-align: center;\"><span style=\"color: #0000ff;\"><strong>TRANSPAR\u00caNCIA | Contratos.gov.br<\/strong><\/span><\/h4>\n<p><a href=\"https:\/\/contratos.comprasnet.gov.br\/transparencia\" target=\"_blank\" rel=\"noopener\"><img loading=\"lazy\" decoding=\"async\" class=\"aligncenter wp-image-3188\" src=\"https:\/\/daf.crp.ufv.br\/smt\/wp-content\/uploads\/Transparencia-1024x617.png\" alt=\"\" width=\"758\" height=\"457\" srcset=\"https:\/\/daf.crp.ufv.br\/smt\/wp-content\/uploads\/Transparencia-1024x617.png 1024w, https:\/\/daf.crp.ufv.br\/smt\/wp-content\/uploads\/Transparencia-300x181.png 300w, https:\/\/daf.crp.ufv.br\/smt\/wp-content\/uploads\/Transparencia-768x463.png 768w, https:\/\/daf.crp.ufv.br\/smt\/wp-content\/uploads\/Transparencia-1536x926.png 1536w, https:\/\/daf.crp.ufv.br\/smt\/wp-content\/uploads\/Transparencia.png 1720w\" sizes=\"auto, (max-width: 758px) 100vw, 758px\" \/><\/a><\/p>\n<p style=\"text-align: center;\"><a href=\"https:\/\/daf.crp.ufv.br\/smt\/wp-content\/uploads\/Manual-Comprasgovbr-Contratos-Item-9-Transparencia.pdf\" target=\"_blank\" rel=\"noopener\"><span style=\"color: #808080;\">Manual Contratos.gov.br &#8211; Cap\u00edtulo 9 &#8211; Transpar\u00eancia<\/span><\/a><\/p>\n<hr \/>\n<h4 style=\"text-align: center;\"><span style=\"color: #0000ff;\"><strong>CONTRATOS SERVI\u00c7OS CONT\u00cdNUOS<\/strong><\/span><\/h4>\n<p style=\"text-align: center;\"><a href=\"https:\/\/daf.crp.ufv.br\/smt\/?page_id=2935\" target=\"_blank\" rel=\"noopener\"><img loading=\"lazy\" decoding=\"async\" class=\"aligncenter wp-image-3088 size-medium\" src=\"https:\/\/daf.crp.ufv.br\/smt\/wp-content\/uploads\/Icone-Contrato-214x300.png\" alt=\"\" width=\"214\" height=\"300\" srcset=\"https:\/\/daf.crp.ufv.br\/smt\/wp-content\/uploads\/Icone-Contrato-214x300.png 214w, https:\/\/daf.crp.ufv.br\/smt\/wp-content\/uploads\/Icone-Contrato.png 595w\" sizes=\"auto, (max-width: 214px) 100vw, 214px\" \/><\/a><\/p>\n<hr \/>\n<h4 style=\"text-align: center;\"><span style=\"color: #0000ff;\"><strong>GUIA DE BOAS PR\u00c1TICAS DE GEST\u00c3O E FISCALIZA\u00c7\u00c3O DE CONTRATOS ADMINISTRATIVOS<\/strong><\/span><\/h4>\n<p style=\"text-align: center;\"><a href=\"https:\/\/daf.crp.ufv.br\/smt\/wp-content\/uploads\/Guia-Boas-Praticas-Gestao-e-Fiscalizacao.pdf\" target=\"_blank\" rel=\"noopener\"><img loading=\"lazy\" decoding=\"async\" class=\"aligncenter wp-image-3089 size-medium\" src=\"https:\/\/daf.crp.ufv.br\/smt\/wp-content\/uploads\/Icone-Boas-praticas-213x300.png\" alt=\"\" width=\"213\" height=\"300\" srcset=\"https:\/\/daf.crp.ufv.br\/smt\/wp-content\/uploads\/Icone-Boas-praticas-213x300.png 213w, https:\/\/daf.crp.ufv.br\/smt\/wp-content\/uploads\/Icone-Boas-praticas.png 560w\" sizes=\"auto, (max-width: 213px) 100vw, 213px\" \/><\/a><\/p>\n<p>&nbsp;<\/p>\n","protected":false},"excerpt":{"rendered":"<p>TRANSPAR\u00caNCIA | Contratos.gov.br Manual Contratos.gov.br &#8211; Cap\u00edtulo 9 &#8211; Transpar\u00eancia CONTRATOS SERVI\u00c7OS CONT\u00cdNUOS GUIA DE BOAS PR\u00c1TICAS DE GEST\u00c3O E FISCALIZA\u00c7\u00c3O DE CONTRATOS ADMINISTRATIVOS &nbsp;<\/p>\n","protected":false},"author":1,"featured_media":0,"parent":0,"menu_order":0,"comment_status":"closed","ping_status":"closed","template":"","meta":{"footnotes":""},"class_list":["post-1135","page","type-page","status-publish","hentry"],"_links":{"self":[{"href":"https:\/\/daf.crp.ufv.br\/smt\/index.php?rest_route=\/wp\/v2\/pages\/1135","targetHints":{"allow":["GET"]}}],"collection":[{"href":"https:\/\/daf.crp.ufv.br\/smt\/index.php?rest_route=\/wp\/v2\/pages"}],"about":[{"href":"https:\/\/daf.crp.ufv.br\/smt\/index.php?rest_route=\/wp\/v2\/types\/page"}],"author":[{"embeddable":true,"href":"https:\/\/daf.crp.ufv.br\/smt\/index.php?rest_route=\/wp\/v2\/users\/1"}],"replies":[{"embeddable":true,"href":"https:\/\/daf.crp.ufv.br\/smt\/index.php?rest_route=%2Fwp%2Fv2%2Fcomments&post=1135"}],"version-history":[{"count":178,"href":"https:\/\/daf.crp.ufv.br\/smt\/index.php?rest_route=\/wp\/v2\/pages\/1135\/revisions"}],"predecessor-version":[{"id":3193,"href":"https:\/\/daf.crp.ufv.br\/smt\/index.php?rest_route=\/wp\/v2\/pages\/1135\/revisions\/3193"}],"wp:attachment":[{"href":"https:\/\/daf.crp.ufv.br\/smt\/index.php?rest_route=%2Fwp%2Fv2%2Fmedia&parent=1135"}],"curies":[{"name":"wp","href":"https:\/\/api.w.org\/{rel}","templated":true}]}}