{"id":10,"date":"2013-01-16T17:56:08","date_gmt":"2013-01-16T17:56:08","guid":{"rendered":"http:\/\/localhost\/dsa\/?page_id=10"},"modified":"2023-09-06T09:24:36","modified_gmt":"2023-09-06T12:24:36","slug":"menu2","status":"publish","type":"page","link":"https:\/\/daf.crp.ufv.br\/smt\/?page_id=10","title":{"rendered":"Sistema Integrado de Materiais"},"content":{"rendered":"<p style=\"text-align: justify;\"><a href=\"https:\/\/daf.crp.ufv.br\/smt\/wp-content\/uploads\/sistema-integrado-2.png\"><img loading=\"lazy\" decoding=\"async\" class=\"aligncenter size-medium wp-image-684\" src=\"https:\/\/daf.crp.ufv.br\/smt\/wp-content\/uploads\/sistema-integrado-2-300x140.png\" alt=\"sistema integrado 2\" width=\"300\" height=\"140\" srcset=\"https:\/\/daf.crp.ufv.br\/smt\/wp-content\/uploads\/sistema-integrado-2-300x140.png 300w, https:\/\/daf.crp.ufv.br\/smt\/wp-content\/uploads\/sistema-integrado-2.png 398w\" sizes=\"auto, (max-width: 300px) 100vw, 300px\" \/><\/a><\/p>\n<p style=\"text-align: justify;\"><b>PLANEJAMENTO DE DEMANDA<\/b><\/p>\n<p style=\"text-align: justify;\">O sistema de planejamento de demanda permitir\u00e1 ao usu\u00e1rio que insira a sua necessidade de aquisi\u00e7\u00e3o de bens e servi\u00e7os voltados para o Ensino, e que o Chefe do \u00f3rg\u00e3o analise e emita seu parecer, ao passo que controla seu respectivo or\u00e7amento.<\/p>\n<p style=\"text-align: justify;\">Se faz importante destacar que, a inser\u00e7\u00e3o da demanda n\u00e3o exclui o tr\u00e2mite normal de compras.<\/p>\n<p><span style=\"color: #0000ff;\"><span style=\"color: #0000ff;\">Acesse<\/span><\/span><\/p>\n<p>&nbsp;<\/p>\n<p style=\"text-align: justify;\"><b>AQU<\/b><b>ISI\u00c7\u00c3O DE MATERIAIS <\/b><b>E CONTRA\u00c7\u00d5ES DE SERVI\u00c7OS<\/b><\/p>\n<p style=\"text-align: justify;\">Al\u00e9m de elaborar uma nova licita\u00e7\u00e3o, neste m\u00f3dulo ser\u00e1 poss\u00edvel localizar qualquer outra solicita\u00e7\u00e3o elaborada anteriormente, para isso selecione o status para o filtro e em seguida clique em recuperar para listar todas as solicita\u00e7\u00f5es que se encontrem no status selecionado. Permitindo assim que a solicita\u00e7\u00e3o seja exibida, exclu\u00edda, alterada (finalizar, editar ou incluir\/excluir itens) ou autoriz\u00e1-las pela chefia, coordena\u00e7\u00e3o ou gestor. Acessando a op\u00e7\u00e3o consulta solicita\u00e7\u00f5es anteriores, o usu\u00e1rio ter\u00e1 condi\u00e7\u00f5es de consultar as solicita\u00e7\u00f5es de compras a partir das seguintes op\u00e7\u00f5es: descri\u00e7\u00e3o parcial do produto, n\u00famero da solicita\u00e7\u00e3o, interessado ou status da solicita\u00e7\u00e3o.<\/p>\n<p><a title=\"SIM\" href=\"https:\/\/www.dti.ufv.br\/Smt\/CheckLogin.asp\" target=\"_blank\" rel=\"noopener\"><span style=\"color: #0000ff;\"><span style=\"color: #0000ff;\">Acesse<\/span><\/span><\/a><\/p>\n<p>&nbsp;<\/p>\n<p><span style=\"color: #000000;\"><b>DOW<\/b><b>NLOADS<\/b><\/span><\/p>\n<p><a title=\"Manual - SIM - Planejamento da Demanda\" href=\"https:\/\/daf.crp.ufv.br\/smt\/wp-content\/uploads\/Manual-SIM-Planejamento-da-Demanda.pdf\" target=\"_blank\" rel=\"noopener\">Manual \u2013 SIM \u2013 Planejamento de Demanda para Aquisi\u00e7\u00e3o de Materiais e Contra\u00e7\u00f5es de Servi\u00e7os<\/a><\/p>\n<p><a title=\"Manual - SIM - Aquisi\u00e7\u00e3o\" href=\"https:\/\/daf.crp.ufv.br\/smt\/wp-content\/uploads\/Manual-SIM-Aquisi\u00e7\u00e3o-de-Materiais-e-Servi\u00e7os.pdf\" target=\"_blank\" rel=\"noopener\">Manual \u2013 SIM \u2013 Solicita\u00e7\u00f5es para Aquisi\u00e7\u00e3o de Materiais e Contrata\u00e7\u00f5es de Servi\u00e7os<\/a><\/p>\n<p><a title=\"Fluxograma\" href=\"https:\/\/daf.crp.ufv.br\/smt\/wp-content\/uploads\/Fluxograma.pdf\" target=\"_blank\" rel=\"noopener\">Fluxograma das Rotinas de Aquisi\u00e7\u00e3o, Empenho e Pagamento<\/a><\/p>\n<p>&nbsp;<\/p>\n<p style=\"text-align: justify;\"><b>CON<\/b><b>SULTA SOBRE OS TR<\/b><b>\u00c2MITES DE PROCESSOS<\/b><br \/>\n<b><\/b><\/p>\n<p style=\"text-align: justify;\">Consulte quais os tr\u00e2mites e a localiza\u00e7\u00e3o do seu processo licitat\u00f3rio.<\/p>\n<p style=\"text-align: justify;\"><a title=\"Sisprocesso\" href=\"https:\/\/sei.ufv.br\/sip\/login.php?sigla_orgao_sistema=UFV&amp;sigla_sistema=SEI\" target=\"_blank\" rel=\"noopener\">Acesse<\/a><\/p>\n","protected":false},"excerpt":{"rendered":"<p>PLANEJAMENTO DE DEMANDA O sistema de planejamento de demanda permitir\u00e1 ao usu\u00e1rio que insira a sua necessidade de aquisi\u00e7\u00e3o de bens e servi\u00e7os voltados para o Ensino, e que o Chefe do \u00f3rg\u00e3o analise e emita seu parecer, ao passo que controla seu respectivo or\u00e7amento. Se faz importante destacar que, a inser\u00e7\u00e3o da demanda n\u00e3o [&hellip;]<\/p>\n","protected":false},"author":1,"featured_media":0,"parent":0,"menu_order":0,"comment_status":"closed","ping_status":"closed","template":"","meta":{"footnotes":""},"class_list":["post-10","page","type-page","status-publish","hentry"],"_links":{"self":[{"href":"https:\/\/daf.crp.ufv.br\/smt\/index.php?rest_route=\/wp\/v2\/pages\/10","targetHints":{"allow":["GET"]}}],"collection":[{"href":"https:\/\/daf.crp.ufv.br\/smt\/index.php?rest_route=\/wp\/v2\/pages"}],"about":[{"href":"https:\/\/daf.crp.ufv.br\/smt\/index.php?rest_route=\/wp\/v2\/types\/page"}],"author":[{"embeddable":true,"href":"https:\/\/daf.crp.ufv.br\/smt\/index.php?rest_route=\/wp\/v2\/users\/1"}],"replies":[{"embeddable":true,"href":"https:\/\/daf.crp.ufv.br\/smt\/index.php?rest_route=%2Fwp%2Fv2%2Fcomments&post=10"}],"version-history":[{"count":60,"href":"https:\/\/daf.crp.ufv.br\/smt\/index.php?rest_route=\/wp\/v2\/pages\/10\/revisions"}],"predecessor-version":[{"id":2762,"href":"https:\/\/daf.crp.ufv.br\/smt\/index.php?rest_route=\/wp\/v2\/pages\/10\/revisions\/2762"}],"wp:attachment":[{"href":"https:\/\/daf.crp.ufv.br\/smt\/index.php?rest_route=%2Fwp%2Fv2%2Fmedia&parent=10"}],"curies":[{"name":"wp","href":"https:\/\/api.w.org\/{rel}","templated":true}]}}