{"id":1156,"date":"2019-02-19T11:08:52","date_gmt":"2019-02-19T14:08:52","guid":{"rendered":"https:\/\/daf.crp.ufv.br\/?page_id=1156"},"modified":"2019-09-10T11:08:05","modified_gmt":"2019-09-10T14:08:05","slug":"formularios-diversos-campus-rio-paranaiba","status":"publish","type":"page","link":"https:\/\/daf.crp.ufv.br\/?page_id=1156","title":{"rendered":"Formul\u00e1rios Diversos &#8211; Campus Rio Parana\u00edba"},"content":{"rendered":"<p><a href=\"https:\/\/daf.crp.ufv.br\/wp-content\/uploads\/01-AVERBA\u00c7\u00c3O-TEMPO-DE-SERVI\u00c7O.odt\">01 &#8211; AVERBA\u00c7\u00c3O TEMPO DE SERVI\u00c7O<\/a><\/p>\n<p><a href=\"https:\/\/daf.crp.ufv.br\/wp-content\/uploads\/02-DESAVERBA\u00c7\u00c3O-DE-TEMPO.odt\">02 &#8211; DESAVERBA\u00c7\u00c3O DE TEMPO<\/a><\/p>\n<p><a href=\"https:\/\/daf.crp.ufv.br\/wp-content\/uploads\/03-DECLARA\u00c7\u00c3O-INSS.odt\">03 &#8211; DECLARA\u00c7\u00c3O &#8211; INSS<\/a><\/p>\n<p><a href=\"https:\/\/daf.crp.ufv.br\/wp-content\/uploads\/04-APOSENTADORIA.odt\">04 &#8211; APOSENTADORIA<\/a><\/p>\n<p><a href=\"https:\/\/daf.crp.ufv.br\/wp-content\/uploads\/05-ABONO-PERMAN\u00caNCIA.odt\">05 &#8211; ABONO PERMAN\u00caNCIA<\/a><\/p>\n<p><a href=\"https:\/\/daf.crp.ufv.br\/wp-content\/uploads\/06-ABERTURA-DE-CONTA-SAL\u00c1RIO.odt\">06 &#8211; ABERTURA DE CONTA SAL\u00c1RIO<\/a><\/p>\n<p><a href=\"https:\/\/daf.crp.ufv.br\/wp-content\/uploads\/07-ALTERA\u00c7\u00c3O-DE-CONTA-SAL\u00c1RIO.odt\">07 &#8211; ALTERA\u00c7\u00c3O DE CONTA SAL\u00c1RIO<\/a><\/p>\n<p><a href=\"https:\/\/daf.crp.ufv.br\/wp-content\/uploads\/08-ALTERA\u00c7\u00c3O-DE-HOR\u00c1RIO-DE-TRABALHO.odt\">08 &#8211; ALTERA\u00c7\u00c3O DE HOR\u00c1RIO DE TRABALHO<\/a><\/p>\n<p><a href=\"https:\/\/daf.crp.ufv.br\/wp-content\/uploads\/09-ALTERA\u00c7\u00c3O-DE-LOTA\u00c7\u00c3O-DE-SERVIDOR.odt\">09 &#8211; ALTERA\u00c7\u00c3O DE LOTA\u00c7\u00c3O DE SERVIDOR<\/a><\/p>\n<p><a href=\"https:\/\/daf.crp.ufv.br\/wp-content\/uploads\/10-ALTERA\u00c7\u00c3O-DO-PER\u00cdODO-DE-F\u00c9RIAS.odt\">10 &#8211; ALTERA\u00c7\u00c3O DO PER\u00cdODO DE F\u00c9RIAS<\/a><\/p>\n<p><a href=\"https:\/\/daf.crp.ufv.br\/wp-content\/uploads\/11-HOMOLOGA\u00c7\u00c3O-DE-F\u00c9RIAS.pdf\">11 &#8211; HOMOLOGA\u00c7\u00c3O DE F\u00c9RIAS<\/a><\/p>\n<p><a href=\"https:\/\/daf.crp.ufv.br\/wp-content\/uploads\/12-AUX\u00cdLIO-FUNERAL.odt\">12 &#8211; AUX\u00cdLIO FUNERAL<\/a><\/p>\n<p><a href=\"https:\/\/daf.crp.ufv.br\/wp-content\/uploads\/13-AUX\u00cdLIO-SA\u00daDE.odt\">13 &#8211; AUX\u00cdLIO SA\u00daDE<\/a><\/p>\n<p><a href=\"https:\/\/daf.crp.ufv.br\/wp-content\/uploads\/14-CONCESS\u00c3O-DE-AUX\u00cdLIO-TRANSPORTE.odt\">14 &#8211; CONCESS\u00c3O DE AUX\u00cdLIO-TRANSPORTE<\/a><\/p>\n<p><a href=\"https:\/\/daf.crp.ufv.br\/wp-content\/uploads\/14.1-CONTROLE-PASSAGENS.pdf\">14.1 &#8211; CONTROLE PASSAGENS<\/a><\/p>\n<p><a href=\"https:\/\/daf.crp.ufv.br\/wp-content\/uploads\/15-CONCESS\u00c3O-DE-HOR\u00c1RIO-ESPECIAL-PARA-SERVIDOR-ESTUDANTE.odt\">15 &#8211; CONCESS\u00c3O DE HOR\u00c1RIO ESPECIAL PARA SERVIDOR ESTUDANTE<\/a><\/p>\n<p><a href=\"https:\/\/daf.crp.ufv.br\/wp-content\/uploads\/16-EXCLUS\u00c3O-DE-DEPENDENTES.odt\">16 &#8211; EXCLUS\u00c3O DE DEPENDENTES<\/a><\/p>\n<p><a href=\"https:\/\/daf.crp.ufv.br\/wp-content\/uploads\/17-INCENTIVO-\u00c0-QUALIFICA\u00c7\u00c3O.odt\">17 &#8211; INCENTIVO \u00c0 QUALIFICA\u00c7\u00c3O<\/a><\/p>\n<p><a href=\"https:\/\/daf.crp.ufv.br\/wp-content\/uploads\/18-INCLUS\u00c3O-DE-DEPENDENTES.docx\">18-INCLUS\u00c3O-DE-DEPENDENTES<\/a><\/p>\n<p><a href=\"https:\/\/daf.crp.ufv.br\/wp-content\/uploads\/19-INCLUS\u00c3O-DE-DEPENDENTES-\u2013-PAI-OU-M\u00c3E.odt\">19 &#8211; INCLUS\u00c3O DE DEPENDENTES \u2013 PAI OU M\u00c3E<\/a><\/p>\n<p><a href=\"https:\/\/daf.crp.ufv.br\/wp-content\/uploads\/20-LICEN\u00c7A-MATERNIDADE.odt\">20 &#8211; LICEN\u00c7A MATERNIDADE<\/a><\/p>\n<p><a href=\"https:\/\/daf.crp.ufv.br\/wp-content\/uploads\/21-LICEN\u00c7A-PATERNIDADE.odt\">21 &#8211; LICEN\u00c7A PATERNIDADE<\/a><\/p>\n<p><a href=\"https:\/\/daf.crp.ufv.br\/wp-content\/uploads\/22-PENS\u00c3O-CIVIL.odt\">22 &#8211; PENS\u00c3O CIVIL<\/a><\/p>\n<p><a href=\"https:\/\/daf.crp.ufv.br\/wp-content\/uploads\/23-PROFESSOR-SUBSTITUTO-CANCELAMENTO-DE-CONTRATO.odt\">23 &#8211; PROFESSOR SUBSTITUTO CANCELAMENTO DE CONTRATO<\/a><\/p>\n<p><a href=\"https:\/\/daf.crp.ufv.br\/wp-content\/uploads\/24-PROGRESS\u00c3O-POR-CAPACITA\u00c7\u00c3O-PROFISSIONAL.odt\">24 &#8211; PROGRESS\u00c3O POR CAPACITA\u00c7\u00c3O PROFISSIONAL<\/a><\/p>\n<p><a href=\"https:\/\/daf.crp.ufv.br\/wp-content\/uploads\/25-RECADASTRAMENTO-DE-APOSENTADO.odt\">25 &#8211; RECADASTRAMENTO DE APOSENTADO<\/a><\/p>\n<p><a href=\"https:\/\/daf.crp.ufv.br\/wp-content\/uploads\/26-REQUERIMENTO-DE-EXONERA\u00c7\u00c3O-E-NOMEA\u00c7\u00c3O-DE-FG-FCC-OU-CD.odt\">26 &#8211; REQUERIMENTO DE EXONERA\u00c7\u00c3O E NOMEA\u00c7\u00c3O DE FG, FCC OU CD<\/a><\/p>\n<p><a href=\"https:\/\/daf.crp.ufv.br\/wp-content\/uploads\/27-SOLICITA\u00c7\u00c3O-DE-AUX\u00cdLIO-NATALIDADE.docx\">27-SOLICITA\u00c7\u00c3O-DE-AUX\u00cdLIO-NATALIDADE<\/a><\/p>\n<p><a href=\"https:\/\/daf.crp.ufv.br\/wp-content\/uploads\/28-SOLICITA\u00c7\u00c3O-DE-AUX\u00cdLIO-PR\u00c9-ESCOLAR-1.docx\">28-SOLICITA\u00c7\u00c3O-DE-AUX\u00cdLIO-PR\u00c9-ESCOLAR<\/a><\/p>\n<p><a href=\"https:\/\/daf.crp.ufv.br\/wp-content\/uploads\/29-SOLICITA\u00c7\u00c3O-DE-LAN\u00c7AMENTO-DE-BANCO-DE-HORAS.odt\">29 &#8211; SOLICITA\u00c7\u00c3O DE LAN\u00c7AMENTO DE BANCO DE HORAS<\/a><\/p>\n<p><a href=\"https:\/\/daf.crp.ufv.br\/wp-content\/uploads\/30-SOLICITA\u00c7\u00c3O-DE-PAGAMENTO-DE-ADICIONAL-NOTURNO.odt\">30 &#8211; SOLICITA\u00c7\u00c3O DE PAGAMENTO DE ADICIONAL NOTURNO<\/a><\/p>\n<p><a href=\"https:\/\/daf.crp.ufv.br\/wp-content\/uploads\/31-SUBSTITUI\u00c7\u00c3O-DE-CHEFIA-POR-MOTIVO-DE-F\u00c9RIAS.odt\">31 &#8211; SUBSTITUI\u00c7\u00c3O DE CHEFIA POR MOTIVO DE F\u00c9RIAS<\/a><\/p>\n<p><a href=\"https:\/\/daf.crp.ufv.br\/wp-content\/uploads\/32-VAC\u00c2NCIA.odt\">32 &#8211; VAC\u00c2NCIA<\/a><\/p>\n<p><a href=\"https:\/\/daf.crp.ufv.br\/wp-content\/uploads\/33-SOLICITA\u00c7\u00c3O-DE-LICEN\u00c7A-CAPACITA\u00c7\u00c3O.odt\">33 &#8211; SOLICITA\u00c7\u00c3O DE LICEN\u00c7A CAPACITA\u00c7\u00c3O<\/a><\/p>\n<p><a href=\"https:\/\/daf.crp.ufv.br\/wp-content\/uploads\/33.1-TERMO-DE-COMPROMISSO-E-RESPONSABILIDADE.odt\">33.1 &#8211; TERMO DE COMPROMISSO E RESPONSABILIDADE<\/a><\/p>\n","protected":false},"excerpt":{"rendered":"<p>01 &#8211; AVERBA\u00c7\u00c3O TEMPO DE SERVI\u00c7O 02 &#8211; DESAVERBA\u00c7\u00c3O DE TEMPO 03 &#8211; DECLARA\u00c7\u00c3O &#8211; INSS 04 &#8211; APOSENTADORIA 05 &#8211; ABONO PERMAN\u00caNCIA 06 &#8211; ABERTURA DE CONTA SAL\u00c1RIO 07 &#8211; ALTERA\u00c7\u00c3O DE CONTA SAL\u00c1RIO 08 &#8211; ALTERA\u00c7\u00c3O DE HOR\u00c1RIO DE TRABALHO 09 &#8211; ALTERA\u00c7\u00c3O DE LOTA\u00c7\u00c3O DE SERVIDOR 10 &#8211; ALTERA\u00c7\u00c3O DO PER\u00cdODO DE [&hellip;]<\/p>\n","protected":false},"author":5,"featured_media":0,"parent":0,"menu_order":0,"comment_status":"closed","ping_status":"closed","template":"","meta":{"footnotes":""},"class_list":["post-1156","page","type-page","status-publish","hentry"],"jetpack_sharing_enabled":true,"jetpack_shortlink":"https:\/\/wp.me\/P7ZC5i-iE","_links":{"self":[{"href":"https:\/\/daf.crp.ufv.br\/index.php?rest_route=\/wp\/v2\/pages\/1156","targetHints":{"allow":["GET"]}}],"collection":[{"href":"https:\/\/daf.crp.ufv.br\/index.php?rest_route=\/wp\/v2\/pages"}],"about":[{"href":"https:\/\/daf.crp.ufv.br\/index.php?rest_route=\/wp\/v2\/types\/page"}],"author":[{"embeddable":true,"href":"https:\/\/daf.crp.ufv.br\/index.php?rest_route=\/wp\/v2\/users\/5"}],"replies":[{"embeddable":true,"href":"https:\/\/daf.crp.ufv.br\/index.php?rest_route=%2Fwp%2Fv2%2Fcomments&post=1156"}],"version-history":[{"count":14,"href":"https:\/\/daf.crp.ufv.br\/index.php?rest_route=\/wp\/v2\/pages\/1156\/revisions"}],"predecessor-version":[{"id":1288,"href":"https:\/\/daf.crp.ufv.br\/index.php?rest_route=\/wp\/v2\/pages\/1156\/revisions\/1288"}],"wp:attachment":[{"href":"https:\/\/daf.crp.ufv.br\/index.php?rest_route=%2Fwp%2Fv2%2Fmedia&parent=1156"}],"curies":[{"name":"wp","href":"https:\/\/api.w.org\/{rel}","templated":true}]}}